{"id":1728,"date":"2024-05-01T15:39:08","date_gmt":"2024-05-01T15:39:08","guid":{"rendered":"https:\/\/andreatomicich.com\/?page_id=1728"},"modified":"2024-05-01T15:41:02","modified_gmt":"2024-05-01T15:41:02","slug":"mostre_page","status":"publish","type":"page","link":"https:\/\/andreatomicich.com\/index.php\/mostre_page\/","title":{"rendered":"Mostre_Page"},"content":{"rendered":"<!--themify_builder_content-->\n<div id=\"themify_builder_content-1728\" data-postid=\"1728\" class=\"themify_builder_content themify_builder_content-1728 themify_builder tf_clear\">\n                    <div  data-lazy=\"1\" class=\"module_row themify_builder_row tb_d5kr253 tb_first tf_w\">\n                        <div class=\"row_inner col_align_top tb_col_count_1 tf_box tf_rel\">\n                        <div  data-lazy=\"1\" class=\"module_column tb-column col-full tb_zuw6253 first\">\n                    <!-- module text -->\n<div  class=\"module module-text tb_4lnz683   \" data-lazy=\"1\">\n        <div  class=\"tb_text_wrap\">\n        <p>Come fotografo, ho sempre avuto una passione per l&#8217;arte e la filosofia visiva. Oltre alla mia pratica nella fotografia tradizionale, mi dedico con fervore ai progetti artistici che esplorano le profondit\u00e0 della percezione e dell&#8217;esistenza umana.<\/p><p>La mia tecnica preferita \u00e8 l&#8217;infrarosso, un medium che mi consente di catturare non solo immagini, ma anche emozioni e concetti astratti. Attraverso la fotografia infrarossa, cerco di svelare le sfumature pi\u00f9 sottili del mondo che ci circonda, invitando gli spettatori a una riflessione pi\u00f9 profonda sulla realt\u00e0 e sull&#8217;essere umano.<\/p><p>Il mio lavoro artistico non si limita alle pareti delle gallerie: mi impegno attivamente a portare le mie opere in mostre sia qui in Italia che all&#8217;estero. Voglio condividere le mie idee, stimolare discussioni significative e creare connessioni culturali che attraversano i confini geografici.<\/p><p>Con una rigorosa attenzione alla qualit\u00e0 artistica e alla profondit\u00e0 concettuale, mi propongo di sfidare le convenzioni e di aprire nuove prospettive attraverso la mia fotografia. Sono convinto che l&#8217;arte abbia il potere di ispirare, educare e trasformare, e sono determinato a utilizzare la mia pratica fotografica per contribuire a questo processo.<\/p><p>Ti invito a esplorare il mio mondo di fotografia artistica e filosofica, dove ogni immagine racconta una storia e ogni esposizione \u00e8 un&#8217;opportunit\u00e0 per una nuova scoperta. Grazie per avermi concesso l&#8217;opportunit\u00e0 di condividere la mia passione con te.<\/p>    <\/div>\n<\/div>\n<!-- \/module text --><!-- module divider -->\n<div  class=\"module tf_mw module-divider tb_kcx3598 solid   \" style=\"border-width: 1px;border-color: #000;\" data-lazy=\"1\">\n    <\/div>\n<!-- \/module divider -->\n        <\/div>\n                        <\/div>\n        <\/div>\n                        <div  data-lazy=\"1\" class=\"module_row themify_builder_row tb_rhzd891 tf_w\">\n                        <div class=\"row_inner col_align_top tb_col_count_3 tf_box tf_rel\">\n                        <div  data-lazy=\"1\" class=\"module_column tb-column col3-1 tb_4k31891 first\">\n                    <!-- module box -->\n<div  class=\"module module-box tb_8pve155 \" data-lazy=\"1\">\n    <div class=\"module-box-content ui rounded gray\">\n                <div class=\"tb_text_wrap\"><figure id=\"attachment_1183\" aria-describedby=\"caption-attachment-1183\" style=\"width: 164px\" class=\"wp-caption aligncenter\"><a href=\"https:\/\/andreatomicich.com\/index.php\/alchimia-dabisso\/\"><img loading=\"lazy\" decoding=\"async\" class=\" wp-image-1183\" src=\"https:\/\/andreatomicich.com\/wp-content\/uploads\/2024\/03\/Ethereal-Rain-Pioggia-Eterea-197x300.jpg\" alt=\"\" width=\"164\" height=\"250\" srcset=\"https:\/\/andreatomicich.com\/wp-content\/uploads\/2024\/03\/Ethereal-Rain-Pioggia-Eterea-197x300.jpg 197w, https:\/\/andreatomicich.com\/wp-content\/uploads\/2024\/03\/Ethereal-Rain-Pioggia-Eterea-262x400.jpg 262w, https:\/\/andreatomicich.com\/wp-content\/uploads\/2024\/03\/Ethereal-Rain-Pioggia-Eterea-393x600.jpg 393w, https:\/\/andreatomicich.com\/wp-content\/uploads\/2024\/03\/Ethereal-Rain-Pioggia-Eterea-458x700.jpg 458w, https:\/\/andreatomicich.com\/wp-content\/uploads\/2024\/03\/Ethereal-Rain-Pioggia-Eterea-524x800.jpg 524w, https:\/\/andreatomicich.com\/wp-content\/uploads\/2024\/03\/Ethereal-Rain-Pioggia-Eterea.jpg 655w\" sizes=\"auto, (max-width: 164px) 100vw, 164px\" \/><\/a><figcaption id=\"caption-attachment-1183\" class=\"wp-caption-text\"><span style=\"font-size: 18pt;\">Alchimia d&#8217;Abisso<\/span><\/figcaption><\/figure><\/div>\n    <\/div>\n<\/div>\n<!-- \/module box -->\n        <\/div>\n                    <div  data-lazy=\"1\" class=\"module_column tb-column col3-1 tb_y7dr891\">\n                    <!-- module box -->\n<div  class=\"module module-box tb_0sle405 \" data-lazy=\"1\">\n    <div class=\"module-box-content ui rounded gray\">\n                <div class=\"tb_text_wrap\"><p><a href=\"https:\/\/andreatomicich.com\/index.php\/what-your-eyes-see-not\/\"><img loading=\"lazy\" decoding=\"async\" class=\"size-medium wp-image-769 aligncenter\" src=\"https:\/\/andreatomicich.com\/wp-content\/uploads\/2022\/10\/Andrea_Tomicich_05-300x200.jpg\" alt=\"\" width=\"300\" height=\"200\" srcset=\"https:\/\/andreatomicich.com\/wp-content\/uploads\/2022\/10\/Andrea_Tomicich_05-300x200.jpg 300w, https:\/\/andreatomicich.com\/wp-content\/uploads\/2022\/10\/Andrea_Tomicich_05-768x512.jpg 768w, https:\/\/andreatomicich.com\/wp-content\/uploads\/2022\/10\/Andrea_Tomicich_05-400x266.jpg 400w, https:\/\/andreatomicich.com\/wp-content\/uploads\/2022\/10\/Andrea_Tomicich_05.jpg 1000w\" sizes=\"auto, (max-width: 300px) 100vw, 300px\" \/><\/a><\/p><p style=\"text-align: center;\"><span style=\"font-size: 18pt;\">What your eyes see not<\/span><\/p><p>\u00a0<\/p><\/div>\n    <\/div>\n<\/div>\n<!-- \/module box -->\n        <\/div>\n                    <div  data-lazy=\"1\" class=\"module_column tb-column col3-1 tb_pam7891 last\">\n                    <!-- module box -->\n<div  class=\"module module-box tb_gqy8406 \" data-lazy=\"1\">\n    <div class=\"module-box-content ui rounded gray\">\n                <div class=\"tb_text_wrap\"><p><a href=\"https:\/\/andreatomicich.com\/index.php\/angeli-tra-sogno-e-realta\/\"><img loading=\"lazy\" decoding=\"async\" class=\"size-medium wp-image-927 aligncenter\" src=\"https:\/\/andreatomicich.com\/wp-content\/uploads\/2023\/03\/I_Stefy_Genny_3-1-300x200.jpg\" alt=\"\" width=\"300\" height=\"200\" srcset=\"https:\/\/andreatomicich.com\/wp-content\/uploads\/2023\/03\/I_Stefy_Genny_3-1-300x200.jpg 300w, https:\/\/andreatomicich.com\/wp-content\/uploads\/2023\/03\/I_Stefy_Genny_3-1.jpg 480w\" sizes=\"auto, (max-width: 300px) 100vw, 300px\" \/><\/a><\/p><p style=\"text-align: center;\"><span style=\"font-size: 18pt;\">Angeli, tra sogno e realt\u00e0<br \/><\/span><\/p><\/div>\n    <\/div>\n<\/div>\n<!-- \/module box -->\n        <\/div>\n                        <\/div>\n        <\/div>\n        <\/div>\n<!--\/themify_builder_content-->","protected":false},"excerpt":{"rendered":"<p>Come fotografo, ho sempre avuto una passione per l&#8217;arte e la filosofia visiva. Oltre alla mia pratica nella fotografia tradizionale, mi dedico con fervore ai progetti artistici che esplorano le profondit\u00e0 della percezione e dell&#8217;esistenza umana.La mia tecnica preferita \u00e8 l&#8217;infrarosso, un medium che mi consente di catturare non solo immagini, ma anche emozioni e [&hellip;]<\/p>\n","protected":false},"author":1,"featured_media":0,"parent":0,"menu_order":0,"comment_status":"closed","ping_status":"closed","template":"","meta":{"site-sidebar-layout":"default","site-content-layout":"","ast-site-content-layout":"default","site-content-style":"default","site-sidebar-style":"default","ast-global-header-display":"","ast-banner-title-visibility":"","ast-main-header-display":"","ast-hfb-above-header-display":"","ast-hfb-below-header-display":"","ast-hfb-mobile-header-display":"","site-post-title":"","ast-breadcrumbs-content":"","ast-featured-img":"","footer-sml-layout":"","ast-disable-related-posts":"","theme-transparent-header-meta":"","adv-header-id-meta":"","stick-header-meta":"","header-above-stick-meta":"","header-main-stick-meta":"","header-below-stick-meta":"","astra-migrate-meta-layouts":"set","ast-page-background-enabled":"default","ast-page-background-meta":{"desktop":{"background-color":"var(--ast-global-color-4)","background-image":"","background-repeat":"repeat","background-position":"center center","background-size":"auto","background-attachment":"scroll","background-type":"","background-media":"","overlay-type":"","overlay-color":"","overlay-opacity":"","overlay-gradient":""},"tablet":{"background-color":"","background-image":"","background-repeat":"repeat","background-position":"center center","background-size":"auto","background-attachment":"scroll","background-type":"","background-media":"","overlay-type":"","overlay-color":"","overlay-opacity":"","overlay-gradient":""},"mobile":{"background-color":"","background-image":"","background-repeat":"repeat","background-position":"center center","background-size":"auto","background-attachment":"scroll","background-type":"","background-media":"","overlay-type":"","overlay-color":"","overlay-opacity":"","overlay-gradient":""}},"ast-content-background-meta":{"desktop":{"background-color":"var(--ast-global-color-5)","background-image":"","background-repeat":"repeat","background-position":"center center","background-size":"auto","background-attachment":"scroll","background-type":"","background-media":"","overlay-type":"","overlay-color":"","overlay-opacity":"","overlay-gradient":""},"tablet":{"background-color":"var(--ast-global-color-5)","background-image":"","background-repeat":"repeat","background-position":"center center","background-size":"auto","background-attachment":"scroll","background-type":"","background-media":"","overlay-type":"","overlay-color":"","overlay-opacity":"","overlay-gradient":""},"mobile":{"background-color":"var(--ast-global-color-5)","background-image":"","background-repeat":"repeat","background-position":"center center","background-size":"auto","background-attachment":"scroll","background-type":"","background-media":"","overlay-type":"","overlay-color":"","overlay-opacity":"","overlay-gradient":""}},"footnotes":""},"class_list":["post-1728","page","type-page","status-publish","hentry"],"yoast_head":"<!-- This site is optimized with the Yoast SEO plugin v27.4 - https:\/\/yoast.com\/product\/yoast-seo-wordpress\/ -->\n<title>Mostre_Page - Andrea Tomicich photography<\/title>\n<meta name=\"robots\" content=\"index, follow, max-snippet:-1, max-image-preview:large, max-video-preview:-1\" \/>\n<link rel=\"canonical\" href=\"https:\/\/andreatomicich.com\/index.php\/mostre_page\/\" \/>\n<meta property=\"og:locale\" content=\"en_US\" \/>\n<meta property=\"og:type\" content=\"article\" \/>\n<meta property=\"og:title\" content=\"Mostre_Page - Andrea Tomicich photography\" \/>\n<meta property=\"og:description\" content=\"Come fotografo, ho sempre avuto una passione per l&#039;arte e la filosofia visiva. Oltre alla mia pratica nella fotografia tradizionale, mi dedico con fervore ai progetti artistici che esplorano le profondit\u00e0 della percezione e dell&#039;esistenza umana.La mia tecnica preferita \u00e8 l&#039;infrarosso, un medium che mi consente di catturare non solo immagini, ma anche emozioni e [&hellip;]\" \/>\n<meta property=\"og:url\" content=\"https:\/\/andreatomicich.com\/index.php\/mostre_page\/\" \/>\n<meta property=\"og:site_name\" content=\"Andrea Tomicich photography\" \/>\n<meta property=\"article:modified_time\" content=\"2024-05-01T15:41:02+00:00\" \/>\n<meta property=\"og:image\" content=\"https:\/\/andreatomicich.com\/wp-content\/uploads\/2024\/03\/Ethereal-Rain-Pioggia-Eterea-197x300.jpg\" \/>\n<meta name=\"twitter:card\" content=\"summary_large_image\" \/>\n<meta name=\"twitter:label1\" content=\"Est. reading time\" \/>\n\t<meta name=\"twitter:data1\" content=\"2 minutes\" \/>\n<script type=\"application\/ld+json\" class=\"yoast-schema-graph\">{\"@context\":\"https:\\\/\\\/schema.org\",\"@graph\":[{\"@type\":\"WebPage\",\"@id\":\"https:\\\/\\\/andreatomicich.com\\\/index.php\\\/mostre_page\\\/\",\"url\":\"https:\\\/\\\/andreatomicich.com\\\/index.php\\\/mostre_page\\\/\",\"name\":\"Mostre_Page - Andrea Tomicich photography\",\"isPartOf\":{\"@id\":\"https:\\\/\\\/andreatomicich.com\\\/#website\"},\"primaryImageOfPage\":{\"@id\":\"https:\\\/\\\/andreatomicich.com\\\/index.php\\\/mostre_page\\\/#primaryimage\"},\"image\":{\"@id\":\"https:\\\/\\\/andreatomicich.com\\\/index.php\\\/mostre_page\\\/#primaryimage\"},\"thumbnailUrl\":\"https:\\\/\\\/andreatomicich.com\\\/wp-content\\\/uploads\\\/2024\\\/03\\\/Ethereal-Rain-Pioggia-Eterea-197x300.jpg\",\"datePublished\":\"2024-05-01T15:39:08+00:00\",\"dateModified\":\"2024-05-01T15:41:02+00:00\",\"breadcrumb\":{\"@id\":\"https:\\\/\\\/andreatomicich.com\\\/index.php\\\/mostre_page\\\/#breadcrumb\"},\"inLanguage\":\"en-US\",\"potentialAction\":[{\"@type\":\"ReadAction\",\"target\":[\"https:\\\/\\\/andreatomicich.com\\\/index.php\\\/mostre_page\\\/\"]}]},{\"@type\":\"ImageObject\",\"inLanguage\":\"en-US\",\"@id\":\"https:\\\/\\\/andreatomicich.com\\\/index.php\\\/mostre_page\\\/#primaryimage\",\"url\":\"https:\\\/\\\/andreatomicich.com\\\/wp-content\\\/uploads\\\/2024\\\/03\\\/Ethereal-Rain-Pioggia-Eterea.jpg\",\"contentUrl\":\"https:\\\/\\\/andreatomicich.com\\\/wp-content\\\/uploads\\\/2024\\\/03\\\/Ethereal-Rain-Pioggia-Eterea.jpg\",\"width\":655,\"height\":1000,\"caption\":\"Armonia Astrale 1\"},{\"@type\":\"BreadcrumbList\",\"@id\":\"https:\\\/\\\/andreatomicich.com\\\/index.php\\\/mostre_page\\\/#breadcrumb\",\"itemListElement\":[{\"@type\":\"ListItem\",\"position\":1,\"name\":\"Home\",\"item\":\"https:\\\/\\\/andreatomicich.com\\\/\"},{\"@type\":\"ListItem\",\"position\":2,\"name\":\"Mostre_Page\"}]},{\"@type\":\"WebSite\",\"@id\":\"https:\\\/\\\/andreatomicich.com\\\/#website\",\"url\":\"https:\\\/\\\/andreatomicich.com\\\/\",\"name\":\"Andrea Tomicich photography\",\"description\":\"Dalla realt\u00e0 all&#039;arte: il potere della fotografia infrarossa\",\"publisher\":{\"@id\":\"https:\\\/\\\/andreatomicich.com\\\/#\\\/schema\\\/person\\\/498b7e9a035e820bb132541f8079f81b\"},\"alternateName\":\"Scatti che trasformano il normale in straordinario: fotografia artistica e infrarossa\",\"potentialAction\":[{\"@type\":\"SearchAction\",\"target\":{\"@type\":\"EntryPoint\",\"urlTemplate\":\"https:\\\/\\\/andreatomicich.com\\\/?s={search_term_string}\"},\"query-input\":{\"@type\":\"PropertyValueSpecification\",\"valueRequired\":true,\"valueName\":\"search_term_string\"}}],\"inLanguage\":\"en-US\"},{\"@type\":[\"Person\",\"Organization\"],\"@id\":\"https:\\\/\\\/andreatomicich.com\\\/#\\\/schema\\\/person\\\/498b7e9a035e820bb132541f8079f81b\",\"name\":\"AdMiN9998\",\"image\":{\"@type\":\"ImageObject\",\"inLanguage\":\"en-US\",\"@id\":\"https:\\\/\\\/andreatomicich.com\\\/wp-content\\\/uploads\\\/2022\\\/09\\\/AT_full_500px_Black.png\",\"url\":\"https:\\\/\\\/andreatomicich.com\\\/wp-content\\\/uploads\\\/2022\\\/09\\\/AT_full_500px_Black.png\",\"contentUrl\":\"https:\\\/\\\/andreatomicich.com\\\/wp-content\\\/uploads\\\/2022\\\/09\\\/AT_full_500px_Black.png\",\"width\":500,\"height\":127,\"caption\":\"AdMiN9998\"},\"logo\":{\"@id\":\"https:\\\/\\\/andreatomicich.com\\\/wp-content\\\/uploads\\\/2022\\\/09\\\/AT_full_500px_Black.png\"},\"sameAs\":[\"https:\\\/\\\/andreatomicich.com\"]}]}<\/script>\n<!-- \/ Yoast SEO plugin. -->","yoast_head_json":{"title":"Mostre_Page - Andrea Tomicich photography","robots":{"index":"index","follow":"follow","max-snippet":"max-snippet:-1","max-image-preview":"max-image-preview:large","max-video-preview":"max-video-preview:-1"},"canonical":"https:\/\/andreatomicich.com\/index.php\/mostre_page\/","og_locale":"en_US","og_type":"article","og_title":"Mostre_Page - Andrea Tomicich photography","og_description":"Come fotografo, ho sempre avuto una passione per l'arte e la filosofia visiva. Oltre alla mia pratica nella fotografia tradizionale, mi dedico con fervore ai progetti artistici che esplorano le profondit\u00e0 della percezione e dell'esistenza umana.La mia tecnica preferita \u00e8 l'infrarosso, un medium che mi consente di catturare non solo immagini, ma anche emozioni e [&hellip;]","og_url":"https:\/\/andreatomicich.com\/index.php\/mostre_page\/","og_site_name":"Andrea Tomicich photography","article_modified_time":"2024-05-01T15:41:02+00:00","og_image":[{"url":"https:\/\/andreatomicich.com\/wp-content\/uploads\/2024\/03\/Ethereal-Rain-Pioggia-Eterea-197x300.jpg","type":"","width":"","height":""}],"twitter_card":"summary_large_image","twitter_misc":{"Est. reading time":"2 minutes"},"schema":{"@context":"https:\/\/schema.org","@graph":[{"@type":"WebPage","@id":"https:\/\/andreatomicich.com\/index.php\/mostre_page\/","url":"https:\/\/andreatomicich.com\/index.php\/mostre_page\/","name":"Mostre_Page - Andrea Tomicich photography","isPartOf":{"@id":"https:\/\/andreatomicich.com\/#website"},"primaryImageOfPage":{"@id":"https:\/\/andreatomicich.com\/index.php\/mostre_page\/#primaryimage"},"image":{"@id":"https:\/\/andreatomicich.com\/index.php\/mostre_page\/#primaryimage"},"thumbnailUrl":"https:\/\/andreatomicich.com\/wp-content\/uploads\/2024\/03\/Ethereal-Rain-Pioggia-Eterea-197x300.jpg","datePublished":"2024-05-01T15:39:08+00:00","dateModified":"2024-05-01T15:41:02+00:00","breadcrumb":{"@id":"https:\/\/andreatomicich.com\/index.php\/mostre_page\/#breadcrumb"},"inLanguage":"en-US","potentialAction":[{"@type":"ReadAction","target":["https:\/\/andreatomicich.com\/index.php\/mostre_page\/"]}]},{"@type":"ImageObject","inLanguage":"en-US","@id":"https:\/\/andreatomicich.com\/index.php\/mostre_page\/#primaryimage","url":"https:\/\/andreatomicich.com\/wp-content\/uploads\/2024\/03\/Ethereal-Rain-Pioggia-Eterea.jpg","contentUrl":"https:\/\/andreatomicich.com\/wp-content\/uploads\/2024\/03\/Ethereal-Rain-Pioggia-Eterea.jpg","width":655,"height":1000,"caption":"Armonia Astrale 1"},{"@type":"BreadcrumbList","@id":"https:\/\/andreatomicich.com\/index.php\/mostre_page\/#breadcrumb","itemListElement":[{"@type":"ListItem","position":1,"name":"Home","item":"https:\/\/andreatomicich.com\/"},{"@type":"ListItem","position":2,"name":"Mostre_Page"}]},{"@type":"WebSite","@id":"https:\/\/andreatomicich.com\/#website","url":"https:\/\/andreatomicich.com\/","name":"Andrea Tomicich photography","description":"Dalla realt\u00e0 all&#039;arte: il potere della fotografia infrarossa","publisher":{"@id":"https:\/\/andreatomicich.com\/#\/schema\/person\/498b7e9a035e820bb132541f8079f81b"},"alternateName":"Scatti che trasformano il normale in straordinario: fotografia artistica e infrarossa","potentialAction":[{"@type":"SearchAction","target":{"@type":"EntryPoint","urlTemplate":"https:\/\/andreatomicich.com\/?s={search_term_string}"},"query-input":{"@type":"PropertyValueSpecification","valueRequired":true,"valueName":"search_term_string"}}],"inLanguage":"en-US"},{"@type":["Person","Organization"],"@id":"https:\/\/andreatomicich.com\/#\/schema\/person\/498b7e9a035e820bb132541f8079f81b","name":"AdMiN9998","image":{"@type":"ImageObject","inLanguage":"en-US","@id":"https:\/\/andreatomicich.com\/wp-content\/uploads\/2022\/09\/AT_full_500px_Black.png","url":"https:\/\/andreatomicich.com\/wp-content\/uploads\/2022\/09\/AT_full_500px_Black.png","contentUrl":"https:\/\/andreatomicich.com\/wp-content\/uploads\/2022\/09\/AT_full_500px_Black.png","width":500,"height":127,"caption":"AdMiN9998"},"logo":{"@id":"https:\/\/andreatomicich.com\/wp-content\/uploads\/2022\/09\/AT_full_500px_Black.png"},"sameAs":["https:\/\/andreatomicich.com"]}]}},"builder_content":"<p>Come fotografo, ho sempre avuto una passione per l'arte e la filosofia visiva. Oltre alla mia pratica nella fotografia tradizionale, mi dedico con fervore ai progetti artistici che esplorano le profondit\u00e0 della percezione e dell'esistenza umana.<\/p><p>La mia tecnica preferita \u00e8 l'infrarosso, un medium che mi consente di catturare non solo immagini, ma anche emozioni e concetti astratti. Attraverso la fotografia infrarossa, cerco di svelare le sfumature pi\u00f9 sottili del mondo che ci circonda, invitando gli spettatori a una riflessione pi\u00f9 profonda sulla realt\u00e0 e sull'essere umano.<\/p><p>Il mio lavoro artistico non si limita alle pareti delle gallerie: mi impegno attivamente a portare le mie opere in mostre sia qui in Italia che all'estero. Voglio condividere le mie idee, stimolare discussioni significative e creare connessioni culturali che attraversano i confini geografici.<\/p><p>Con una rigorosa attenzione alla qualit\u00e0 artistica e alla profondit\u00e0 concettuale, mi propongo di sfidare le convenzioni e di aprire nuove prospettive attraverso la mia fotografia. Sono convinto che l'arte abbia il potere di ispirare, educare e trasformare, e sono determinato a utilizzare la mia pratica fotografica per contribuire a questo processo.<\/p><p>Ti invito a esplorare il mio mondo di fotografia artistica e filosofica, dove ogni immagine racconta una storia e ogni esposizione \u00e8 un'opportunit\u00e0 per una nuova scoperta. Grazie per avermi concesso l'opportunit\u00e0 di condividere la mia passione con te.<\/p>\n\n[caption id=\"attachment_1183\" align=\"aligncenter\" width=\"164\"]<a href=\"https:\/\/andreatomicich.com\/index.php\/alchimia-dabisso\/\"><img loading=\"lazy\" decoding=\"async\" src=\"https:\/\/andreatomicich.com\/wp-content\/uploads\/2024\/03\/Ethereal-Rain-Pioggia-Eterea-197x300.jpg\" alt=\"\" width=\"164\" height=\"250\" srcset=\"https:\/\/andreatomicich.com\/wp-content\/uploads\/2024\/03\/Ethereal-Rain-Pioggia-Eterea-197x300.jpg 197w, https:\/\/andreatomicich.com\/wp-content\/uploads\/2024\/03\/Ethereal-Rain-Pioggia-Eterea-262x400.jpg 262w, https:\/\/andreatomicich.com\/wp-content\/uploads\/2024\/03\/Ethereal-Rain-Pioggia-Eterea-393x600.jpg 393w, https:\/\/andreatomicich.com\/wp-content\/uploads\/2024\/03\/Ethereal-Rain-Pioggia-Eterea-458x700.jpg 458w, https:\/\/andreatomicich.com\/wp-content\/uploads\/2024\/03\/Ethereal-Rain-Pioggia-Eterea-524x800.jpg 524w, https:\/\/andreatomicich.com\/wp-content\/uploads\/2024\/03\/Ethereal-Rain-Pioggia-Eterea.jpg 655w\" sizes=\"auto, (max-width: 164px) 100vw, 164px\" \/><\/a> Alchimia d'Abisso[\/caption]\n<p><a href=\"https:\/\/andreatomicich.com\/index.php\/what-your-eyes-see-not\/\"><img loading=\"lazy\" decoding=\"async\" src=\"https:\/\/andreatomicich.com\/wp-content\/uploads\/2022\/10\/Andrea_Tomicich_05-300x200.jpg\" alt=\"\" width=\"300\" height=\"200\" srcset=\"https:\/\/andreatomicich.com\/wp-content\/uploads\/2022\/10\/Andrea_Tomicich_05-300x200.jpg 300w, https:\/\/andreatomicich.com\/wp-content\/uploads\/2022\/10\/Andrea_Tomicich_05-768x512.jpg 768w, https:\/\/andreatomicich.com\/wp-content\/uploads\/2022\/10\/Andrea_Tomicich_05-400x266.jpg 400w, https:\/\/andreatomicich.com\/wp-content\/uploads\/2022\/10\/Andrea_Tomicich_05.jpg 1000w\" sizes=\"auto, (max-width: 300px) 100vw, 300px\" \/><\/a><\/p><p style=\"text-align: center;\">What your eyes see not<\/p><p>\u00a0<\/p>\n<p><a href=\"https:\/\/andreatomicich.com\/index.php\/angeli-tra-sogno-e-realta\/\"><img loading=\"lazy\" decoding=\"async\" src=\"https:\/\/andreatomicich.com\/wp-content\/uploads\/2023\/03\/I_Stefy_Genny_3-1-300x200.jpg\" alt=\"\" width=\"300\" height=\"200\" srcset=\"https:\/\/andreatomicich.com\/wp-content\/uploads\/2023\/03\/I_Stefy_Genny_3-1-300x200.jpg 300w, https:\/\/andreatomicich.com\/wp-content\/uploads\/2023\/03\/I_Stefy_Genny_3-1.jpg 480w\" sizes=\"auto, (max-width: 300px) 100vw, 300px\" \/><\/a><\/p><p style=\"text-align: center;\">Angeli, tra sogno e realt\u00e0<br \/><\/p>","_links":{"self":[{"href":"https:\/\/andreatomicich.com\/index.php\/wp-json\/wp\/v2\/pages\/1728","targetHints":{"allow":["GET"]}}],"collection":[{"href":"https:\/\/andreatomicich.com\/index.php\/wp-json\/wp\/v2\/pages"}],"about":[{"href":"https:\/\/andreatomicich.com\/index.php\/wp-json\/wp\/v2\/types\/page"}],"author":[{"embeddable":true,"href":"https:\/\/andreatomicich.com\/index.php\/wp-json\/wp\/v2\/users\/1"}],"replies":[{"embeddable":true,"href":"https:\/\/andreatomicich.com\/index.php\/wp-json\/wp\/v2\/comments?post=1728"}],"version-history":[{"count":5,"href":"https:\/\/andreatomicich.com\/index.php\/wp-json\/wp\/v2\/pages\/1728\/revisions"}],"predecessor-version":[{"id":1734,"href":"https:\/\/andreatomicich.com\/index.php\/wp-json\/wp\/v2\/pages\/1728\/revisions\/1734"}],"wp:attachment":[{"href":"https:\/\/andreatomicich.com\/index.php\/wp-json\/wp\/v2\/media?parent=1728"}],"curies":[{"name":"wp","href":"https:\/\/api.w.org\/{rel}","templated":true}]}}