{"id":173,"date":"2026-04-24T09:53:00","date_gmt":"2026-04-24T09:53:00","guid":{"rendered":"https:\/\/andreatomicich.com\/?page_id=173"},"modified":"2026-05-07T11:49:29","modified_gmt":"2026-05-07T11:49:29","slug":"mostre-it","status":"publish","type":"page","link":"https:\/\/andreatomicich.com\/index.php\/mostre-it\/","title":{"rendered":"Mostre-IT"},"content":{"rendered":"\n<div style=\"height:75px\" aria-hidden=\"true\" class=\"wp-block-spacer\"><\/div>\n\n\n\n<h2 class=\"wp-block-heading has-text-align-center\">MOSTRE<\/h2>\n\n\n\n<p class=\"has-text-align-center\">Di seguito l&#8217;elenco delle mostre di fotografia nazionali e internazionali a cui ho partecipato, dalle pi\u00f9 recenti alle pi\u00f9 datate<\/p>\n\n\n\n<div style=\"height:100px\" aria-hidden=\"true\" class=\"wp-block-spacer\"><\/div>\n\n\n\n<h3 class=\"wp-block-heading\">2026 &#8211; Il peso del non detto<\/h3>\n\n\n\n<p style=\"padding-left: 40px;\">Mostra personale, presentazione progetto inedito presso la galleria d&#8217;arte Tivarnella art consulting &#8211; Trieste (IT)<br>Curatore della mostra: <strong>Enea Chersicola<\/strong><\/p>\n<p style=\"padding-left: 40px;\">Il peso del non detto \u00e8 un progetto fotografico realizzato in infrarosso il cui scopo \u00e8 quello di una riflessione introspettiva su ci\u00f2 che non abbiamo detto, e che per qualche motivo non siamo pi\u00f9 in grado di poterlo fare.<\/p>\n\n\n\n<h3 class=\"wp-block-heading\">2025 &#8211; Bottega &#8216;500<\/h3>\n\n\n\n<p style=\"padding-left: 40px;\">Mostra Collettiva, presentazione progetto &#8220;What your eyes see not&#8221; ed il progetto &#8220;Alchimia d&#8217;Abisso&#8221;&nbsp; presso On the Fringe &#8211; Tribeca &#8211; 72 Warren St. New York (USA)<br>Curatore della mostra: <strong>Enea Chersicola<\/strong><\/p>\n\n\n\n<h3 class=\"wp-block-heading\">2025 &#8211; Portuario &#8211; Le lacrime del Legno<\/h3>\n\n\n\n<p style=\"padding-left: 40px;\">Mostra Collettiva, presentazione progetto inedito &#8220;Le lacrime del Legno&#8221; presso la sala xenia- Trieste (IT)<br>Curatore della mostra: <strong>Enea Chersicola<\/strong><\/p>\n<p style=\"padding-left: 40px;\">Il Legno Porta I Segni Del Tempo E Della Presenza Umana. Graffi, Incisioni, Chiodi Arrugginiti, Lacrime Di Resina Indurita. Ogni Superficie \u00c8 Una Memoria. Questa Serie Raccoglie Ci\u00f2 Che Sopravvive All\u2019abbandono: Non La Rovina, Ma La Testimonianza.<\/p>\n\n\n\n<h3 class=\"wp-block-heading\">2025 &#8211; battito d&#8217;Ali<\/h3>\n\n\n\n<p style=\"padding-left: 40px;\">Mostra Collettiva, presso la Galleria Hermetika &#8211; Trieste (IT)<\/p>\n\n\n\n<h3 class=\"wp-block-heading\">2024 &#8211; Bottega &#8216;500<\/h3>\n\n\n\n<p style=\"padding-left: 40px;\">Mostra Collettiva, presentazione progetto &#8220;What your eyes see not&#8221; presso Blue Art Gallery &#8211; Manhattan&nbsp; &#8211; New York 222 E 46th St, 10017 &#8211; New York (USA)<br>Curatore della mostra: <strong>Enea Chersicola<\/strong><\/p>\n\n\n\n<h3 class=\"wp-block-heading\">2024 &#8211; Alchimia d&#8217;Abisso<\/h3>\n\n\n\n<p style=\"padding-left: 40px;\">Mostra duale, realizzata in collaborazione con la pittrice Mariia Belova dove ci <span class=\"T286Pc\" data-sfc-cp=\"\" data-sfc-root=\"c\" data-sfc-cb=\"\" data-processed=\"true\">Si concentra sull&#8217;esperimento di unire due linguaggi diversi (fotografia e pittura ad olio) sotto un unico &#8220;tetto&#8221; concettuale. <\/span>presentazione progetto inedito &#8220;Alchimia d&#8217;Abisso&#8221; presso la Galleria Hermetika &#8211; Trieste (IT)<br>Curatore della mostra: Demis Albertacci (Ph.)<\/p>\n<p style=\"padding-left: 40px;\">L\u2019immagine Come Materia Liquida E Misteriosa. Senza Tecnica Riconoscibile. Solo Colore E Forma Che Emergono Dall\u2019oscurit\u00e0 Come Fossero Stati Sempre L\u00ec, In Attesa Di Essere Visti. Ogni Scatto \u00c8 Una Trasformazione. La Superficie Diventa Profondit\u00e0. Il Caos Diventa Ordine. L\u2019abisso Restituisce Qualcosa Di Simile Alla Bellezza.<\/p>\n\n\n\n<h3 class=\"wp-block-heading\">2024 &#8211; Bottega &#8216;500<\/h3>\n\n\n\n<p style=\"padding-left: 40px;\">Mostra Collettiva, presentazione progetto &#8220;What your eyes see not&#8221; presso 1758 Venice Art Studio San Polo, 1758 &#8211; Venezia (IT)<br>Curatore della mostra: <strong>Enea Chersicola<\/strong><\/p>\n\n\n\n<h3 class=\"wp-block-heading\">2023 &#8211; Bottega &#8216;500<\/h3>\n\n\n\n<p style=\"padding-left: 40px;\">Mostra Collettiva, presentazione progetto &#8220;What your eyes see not&#8221; presso On the Fringe &#8211; Tribeca &#8211; 72 Warren St. New York (USA)<br>Curatore della mostra: <strong>Enea Chersicola<\/strong><\/p>\n\n\n\n<h3 class=\"wp-block-heading\">2023 &#8211; What your eyes see not<\/h3>\n\n\n\n<p style=\"padding-left: 40px;\">Mostra Personale, presentazione progetto &#8220;What your eyes see not&#8221; Presso la Sala d&#8217;Arte comunale di Trieste &#8211; Piazza unit\u00e0 d&#8217;Italia &#8211; Trieste (IT)<br>Curatore della mostra: <strong>Enea Chersicola<\/strong><\/p>\n\n\n\n<h3 class=\"wp-block-heading\">2022 &#8211; What your eyes see not<\/h3>\n\n\n\n<p style=\"padding-left: 40px;\">Mostra Personale, presentazione del progetto Inedito &#8220;What your eyes see not&#8221; Presso la Galleria d&#8217;Arte Tivarnella Art Consulting &#8211; Trieste (IT)<br \/>Curatore della mostra: <strong>Enea Chersicola<\/strong><\/p>\n<p style=\"padding-left: 40px;\">Questo progetto Esplora L\u2019invisibile Come Dimensione Abitabile. Non Ci\u00f2 Che \u00c8 Nascosto, Ma Ci\u00f2 Che Non Pu\u00f2 Essere Visto: La Luce Che Non Raggiunge La Retina, Il Movimento Troppo Lento, Il Silenzio Tra Le Cose. un progetto che rappresenta la parabola della vita.<\/p>\n\n\n\n<div style=\"height:100px\" aria-hidden=\"true\" class=\"wp-block-spacer\"><\/div>\n\n\n<!-- wp:themify-builder\/canvas \/-->\n\n\n<p><\/p>\n","protected":false},"excerpt":{"rendered":"<p>MOSTRE Di seguito l&#8217;elenco delle mostre di fotografia nazionali e internazionali a cui ho partecipato, dalle pi\u00f9 recenti alle pi\u00f9 [&hellip;]<\/p>\n","protected":false},"author":1,"featured_media":0,"parent":0,"menu_order":0,"comment_status":"closed","ping_status":"closed","template":"","meta":{"site-sidebar-layout":"default","site-content-layout":"","ast-site-content-layout":"default","site-content-style":"default","site-sidebar-style":"default","ast-global-header-display":"","ast-banner-title-visibility":"","ast-main-header-display":"","ast-hfb-above-header-display":"","ast-hfb-below-header-display":"","ast-hfb-mobile-header-display":"","site-post-title":"disabled","ast-breadcrumbs-content":"","ast-featured-img":"","footer-sml-layout":"","ast-disable-related-posts":"","theme-transparent-header-meta":"","adv-header-id-meta":"","stick-header-meta":"","header-above-stick-meta":"","header-main-stick-meta":"","header-below-stick-meta":"","astra-migrate-meta-layouts":"default","ast-page-background-enabled":"default","ast-page-background-meta":{"desktop":{"background-color":"var(--ast-global-color-5)","background-image":"","background-repeat":"repeat","background-position":"center center","background-size":"auto","background-attachment":"scroll","background-type":"","background-media":"","overlay-type":"","overlay-color":"","overlay-opacity":"","overlay-gradient":""},"tablet":{"background-color":"","background-image":"","background-repeat":"repeat","background-position":"center center","background-size":"auto","background-attachment":"scroll","background-type":"","background-media":"","overlay-type":"","overlay-color":"","overlay-opacity":"","overlay-gradient":""},"mobile":{"background-color":"","background-image":"","background-repeat":"repeat","background-position":"center center","background-size":"auto","background-attachment":"scroll","background-type":"","background-media":"","overlay-type":"","overlay-color":"","overlay-opacity":"","overlay-gradient":""}},"ast-content-background-meta":{"desktop":{"background-color":"var(--ast-global-color-4)","background-image":"","background-repeat":"repeat","background-position":"center center","background-size":"auto","background-attachment":"scroll","background-type":"","background-media":"","overlay-type":"","overlay-color":"","overlay-opacity":"","overlay-gradient":""},"tablet":{"background-color":"var(--ast-global-color-4)","background-image":"","background-repeat":"repeat","background-position":"center center","background-size":"auto","background-attachment":"scroll","background-type":"","background-media":"","overlay-type":"","overlay-color":"","overlay-opacity":"","overlay-gradient":""},"mobile":{"background-color":"var(--ast-global-color-4)","background-image":"","background-repeat":"repeat","background-position":"center center","background-size":"auto","background-attachment":"scroll","background-type":"","background-media":"","overlay-type":"","overlay-color":"","overlay-opacity":"","overlay-gradient":""}},"footnotes":""},"class_list":["post-173","page","type-page","status-publish","hentry"],"yoast_head":"<!-- This site is optimized with the Yoast SEO plugin v27.5 - https:\/\/yoast.com\/product\/yoast-seo-wordpress\/ -->\n<title>Mostre \u2013 New York, Venezia, Trieste | Andrea Tomicich<\/title>\n<meta name=\"description\" content=\"Elenco delle mostre fotografia nazionali e internazionali di Andrea Tomicich: New York, Venezia, Trieste. Mostre fotografia infrarosso.\" \/>\n<meta name=\"robots\" content=\"index, follow, max-snippet:-1, max-image-preview:large, max-video-preview:-1\" \/>\n<link rel=\"canonical\" href=\"https:\/\/andreatomicich.com\/index.php\/mostre-it\/\" \/>\n<meta property=\"og:locale\" content=\"en_US\" \/>\n<meta property=\"og:type\" content=\"article\" \/>\n<meta property=\"og:title\" content=\"Mostre \u2013 New York, Venezia, Trieste | Andrea Tomicich\" \/>\n<meta property=\"og:description\" content=\"Elenco delle mostre fotografia nazionali e internazionali di Andrea Tomicich: New York, Venezia, Trieste. Mostre fotografia infrarosso.\" \/>\n<meta property=\"og:url\" content=\"https:\/\/andreatomicich.com\/index.php\/mostre-it\/\" \/>\n<meta property=\"og:site_name\" content=\"Andrea Tomicich Photography\" \/>\n<meta property=\"article:modified_time\" content=\"2026-05-07T11:49:29+00:00\" \/>\n<meta name=\"twitter:card\" content=\"summary_large_image\" \/>\n<meta name=\"twitter:label1\" content=\"Est. reading time\" \/>\n\t<meta name=\"twitter:data1\" content=\"3 minutes\" \/>\n<script type=\"application\/ld+json\" class=\"yoast-schema-graph\">{\"@context\":\"https:\\\/\\\/schema.org\",\"@graph\":[{\"@type\":\"WebPage\",\"@id\":\"https:\\\/\\\/andreatomicich.com\\\/index.php\\\/mostre-it\\\/\",\"url\":\"https:\\\/\\\/andreatomicich.com\\\/index.php\\\/mostre-it\\\/\",\"name\":\"Mostre \u2013 New York, Venezia, Trieste | Andrea Tomicich\",\"isPartOf\":{\"@id\":\"https:\\\/\\\/andreatomicich.com\\\/#website\"},\"datePublished\":\"2026-04-24T09:53:00+00:00\",\"dateModified\":\"2026-05-07T11:49:29+00:00\",\"description\":\"Elenco delle mostre fotografia nazionali e internazionali di Andrea Tomicich: New York, Venezia, Trieste. Mostre fotografia infrarosso.\",\"breadcrumb\":{\"@id\":\"https:\\\/\\\/andreatomicich.com\\\/index.php\\\/mostre-it\\\/#breadcrumb\"},\"inLanguage\":\"en-US\",\"potentialAction\":[{\"@type\":\"ReadAction\",\"target\":[\"https:\\\/\\\/andreatomicich.com\\\/index.php\\\/mostre-it\\\/\"]}]},{\"@type\":\"BreadcrumbList\",\"@id\":\"https:\\\/\\\/andreatomicich.com\\\/index.php\\\/mostre-it\\\/#breadcrumb\",\"itemListElement\":[{\"@type\":\"ListItem\",\"position\":1,\"name\":\"Home\",\"item\":\"https:\\\/\\\/andreatomicich.com\\\/\"},{\"@type\":\"ListItem\",\"position\":2,\"name\":\"Mostre-IT\"}]},{\"@type\":\"WebSite\",\"@id\":\"https:\\\/\\\/andreatomicich.com\\\/#website\",\"url\":\"https:\\\/\\\/andreatomicich.com\\\/\",\"name\":\"Andrea Tomicich Photography\",\"description\":\"\",\"publisher\":{\"@id\":\"https:\\\/\\\/andreatomicich.com\\\/#\\\/schema\\\/person\\\/c023ce31a2550810506ec8d87d904309\"},\"potentialAction\":[{\"@type\":\"SearchAction\",\"target\":{\"@type\":\"EntryPoint\",\"urlTemplate\":\"https:\\\/\\\/andreatomicich.com\\\/?s={search_term_string}\"},\"query-input\":{\"@type\":\"PropertyValueSpecification\",\"valueRequired\":true,\"valueName\":\"search_term_string\"}}],\"inLanguage\":\"en-US\"},{\"@type\":[\"Person\",\"Organization\"],\"@id\":\"https:\\\/\\\/andreatomicich.com\\\/#\\\/schema\\\/person\\\/c023ce31a2550810506ec8d87d904309\",\"name\":\"atomadm\",\"image\":{\"@type\":\"ImageObject\",\"inLanguage\":\"en-US\",\"@id\":\"https:\\\/\\\/andreatomicich.com\\\/wp-content\\\/uploads\\\/2026\\\/04\\\/AT_full_500px_Black.png\",\"url\":\"https:\\\/\\\/andreatomicich.com\\\/wp-content\\\/uploads\\\/2026\\\/04\\\/AT_full_500px_Black.png\",\"contentUrl\":\"https:\\\/\\\/andreatomicich.com\\\/wp-content\\\/uploads\\\/2026\\\/04\\\/AT_full_500px_Black.png\",\"width\":500,\"height\":127,\"caption\":\"atomadm\"},\"logo\":{\"@id\":\"https:\\\/\\\/andreatomicich.com\\\/wp-content\\\/uploads\\\/2026\\\/04\\\/AT_full_500px_Black.png\"},\"sameAs\":[\"https:\\\/\\\/andreatomicich.com\"]}]}<\/script>\n<!-- \/ Yoast SEO plugin. -->","yoast_head_json":{"title":"Mostre \u2013 New York, Venezia, Trieste | Andrea Tomicich","description":"Elenco delle mostre fotografia nazionali e internazionali di Andrea Tomicich: New York, Venezia, Trieste. Mostre fotografia infrarosso.","robots":{"index":"index","follow":"follow","max-snippet":"max-snippet:-1","max-image-preview":"max-image-preview:large","max-video-preview":"max-video-preview:-1"},"canonical":"https:\/\/andreatomicich.com\/index.php\/mostre-it\/","og_locale":"en_US","og_type":"article","og_title":"Mostre \u2013 New York, Venezia, Trieste | Andrea Tomicich","og_description":"Elenco delle mostre fotografia nazionali e internazionali di Andrea Tomicich: New York, Venezia, Trieste. Mostre fotografia infrarosso.","og_url":"https:\/\/andreatomicich.com\/index.php\/mostre-it\/","og_site_name":"Andrea Tomicich Photography","article_modified_time":"2026-05-07T11:49:29+00:00","twitter_card":"summary_large_image","twitter_misc":{"Est. reading time":"3 minutes"},"schema":{"@context":"https:\/\/schema.org","@graph":[{"@type":"WebPage","@id":"https:\/\/andreatomicich.com\/index.php\/mostre-it\/","url":"https:\/\/andreatomicich.com\/index.php\/mostre-it\/","name":"Mostre \u2013 New York, Venezia, Trieste | Andrea Tomicich","isPartOf":{"@id":"https:\/\/andreatomicich.com\/#website"},"datePublished":"2026-04-24T09:53:00+00:00","dateModified":"2026-05-07T11:49:29+00:00","description":"Elenco delle mostre fotografia nazionali e internazionali di Andrea Tomicich: New York, Venezia, Trieste. Mostre fotografia infrarosso.","breadcrumb":{"@id":"https:\/\/andreatomicich.com\/index.php\/mostre-it\/#breadcrumb"},"inLanguage":"en-US","potentialAction":[{"@type":"ReadAction","target":["https:\/\/andreatomicich.com\/index.php\/mostre-it\/"]}]},{"@type":"BreadcrumbList","@id":"https:\/\/andreatomicich.com\/index.php\/mostre-it\/#breadcrumb","itemListElement":[{"@type":"ListItem","position":1,"name":"Home","item":"https:\/\/andreatomicich.com\/"},{"@type":"ListItem","position":2,"name":"Mostre-IT"}]},{"@type":"WebSite","@id":"https:\/\/andreatomicich.com\/#website","url":"https:\/\/andreatomicich.com\/","name":"Andrea Tomicich Photography","description":"","publisher":{"@id":"https:\/\/andreatomicich.com\/#\/schema\/person\/c023ce31a2550810506ec8d87d904309"},"potentialAction":[{"@type":"SearchAction","target":{"@type":"EntryPoint","urlTemplate":"https:\/\/andreatomicich.com\/?s={search_term_string}"},"query-input":{"@type":"PropertyValueSpecification","valueRequired":true,"valueName":"search_term_string"}}],"inLanguage":"en-US"},{"@type":["Person","Organization"],"@id":"https:\/\/andreatomicich.com\/#\/schema\/person\/c023ce31a2550810506ec8d87d904309","name":"atomadm","image":{"@type":"ImageObject","inLanguage":"en-US","@id":"https:\/\/andreatomicich.com\/wp-content\/uploads\/2026\/04\/AT_full_500px_Black.png","url":"https:\/\/andreatomicich.com\/wp-content\/uploads\/2026\/04\/AT_full_500px_Black.png","contentUrl":"https:\/\/andreatomicich.com\/wp-content\/uploads\/2026\/04\/AT_full_500px_Black.png","width":500,"height":127,"caption":"atomadm"},"logo":{"@id":"https:\/\/andreatomicich.com\/wp-content\/uploads\/2026\/04\/AT_full_500px_Black.png"},"sameAs":["https:\/\/andreatomicich.com"]}]}},"builder_content":"","_links":{"self":[{"href":"https:\/\/andreatomicich.com\/index.php\/wp-json\/wp\/v2\/pages\/173","targetHints":{"allow":["GET"]}}],"collection":[{"href":"https:\/\/andreatomicich.com\/index.php\/wp-json\/wp\/v2\/pages"}],"about":[{"href":"https:\/\/andreatomicich.com\/index.php\/wp-json\/wp\/v2\/types\/page"}],"author":[{"embeddable":true,"href":"https:\/\/andreatomicich.com\/index.php\/wp-json\/wp\/v2\/users\/1"}],"replies":[{"embeddable":true,"href":"https:\/\/andreatomicich.com\/index.php\/wp-json\/wp\/v2\/comments?post=173"}],"version-history":[{"count":25,"href":"https:\/\/andreatomicich.com\/index.php\/wp-json\/wp\/v2\/pages\/173\/revisions"}],"predecessor-version":[{"id":864,"href":"https:\/\/andreatomicich.com\/index.php\/wp-json\/wp\/v2\/pages\/173\/revisions\/864"}],"wp:attachment":[{"href":"https:\/\/andreatomicich.com\/index.php\/wp-json\/wp\/v2\/media?parent=173"}],"curies":[{"name":"wp","href":"https:\/\/api.w.org\/{rel}","templated":true}]}}