{"id":189,"date":"2022-09-15T18:11:47","date_gmt":"2022-09-15T18:11:47","guid":{"rendered":"https:\/\/andreatomicich.com\/?page_id=189"},"modified":"2023-03-02T16:25:52","modified_gmt":"2023-03-02T16:25:52","slug":"sport_gallery","status":"publish","type":"page","link":"https:\/\/andreatomicich.com\/index.php\/sport_gallery\/","title":{"rendered":"Sport_Gallery"},"content":{"rendered":"\n<p class=\"has-text-align-center has-large-font-size\"><strong><em>Sport, motori, aerei e azione<\/em><\/strong><\/p>\n\n\n<ul class=\"wp-block-latest-posts__list is-grid columns-3 wp-block-latest-posts\"><li><div class=\"wp-block-latest-posts__featured-image aligncenter\"><a href=\"https:\/\/andreatomicich.com\/index.php\/2022\/10\/01\/wing-surfing\/\" aria-label=\"Wing Surfing\"><img loading=\"lazy\" decoding=\"async\" width=\"300\" height=\"200\" src=\"https:\/\/andreatomicich.com\/wp-content\/uploads\/2022\/10\/299462844_10228486336729116_1695803357144263522_n-300x200.jpg\" class=\"attachment-medium size-medium wp-post-image\" alt=\"\" style=\"\" srcset=\"https:\/\/andreatomicich.com\/wp-content\/uploads\/2022\/10\/299462844_10228486336729116_1695803357144263522_n-300x200.jpg 300w, https:\/\/andreatomicich.com\/wp-content\/uploads\/2022\/10\/299462844_10228486336729116_1695803357144263522_n-1024x683.jpg 1024w, https:\/\/andreatomicich.com\/wp-content\/uploads\/2022\/10\/299462844_10228486336729116_1695803357144263522_n-768x512.jpg 768w, https:\/\/andreatomicich.com\/wp-content\/uploads\/2022\/10\/299462844_10228486336729116_1695803357144263522_n.jpg 1080w\" sizes=\"auto, (max-width: 300px) 100vw, 300px\" \/><\/a><\/div><a class=\"wp-block-latest-posts__post-title\" href=\"https:\/\/andreatomicich.com\/index.php\/2022\/10\/01\/wing-surfing\/\">Wing Surfing<\/a><div class=\"wp-block-latest-posts__post-excerpt\">Chiamato anche wing foiling, il wing surfing \u00e8 uno sport acquatico che ti d\u00e0 la libert\u00e0 di scivolare nell&#8217;acqua senza linee o corde che frenano ogni tuo movimento. Wing surf significa guidare una tavola SUP o foil mentre porti con te un&#8217;ala o una vela tenuta in mano che aiuta\u2026 <a class=\"wp-block-latest-posts__read-more\" href=\"https:\/\/andreatomicich.com\/index.php\/2022\/10\/01\/wing-surfing\/\" rel=\"noopener noreferrer\">Read more<span class=\"screen-reader-text\">: Wing Surfing<\/span><\/a><\/div><\/li>\n<li><div class=\"wp-block-latest-posts__featured-image aligncenter\"><a href=\"https:\/\/andreatomicich.com\/index.php\/2022\/09\/19\/italian-baja-2016\/\" aria-label=\"Italian Baja 2016\"><img loading=\"lazy\" decoding=\"async\" width=\"300\" height=\"200\" src=\"https:\/\/andreatomicich.com\/wp-content\/uploads\/2022\/09\/1DX_0896-300x200.jpg\" class=\"attachment-medium size-medium wp-post-image\" alt=\"\" style=\"\" srcset=\"https:\/\/andreatomicich.com\/wp-content\/uploads\/2022\/09\/1DX_0896-300x200.jpg 300w, https:\/\/andreatomicich.com\/wp-content\/uploads\/2022\/09\/1DX_0896-768x512.jpg 768w, https:\/\/andreatomicich.com\/wp-content\/uploads\/2022\/09\/1DX_0896.jpg 1000w\" sizes=\"auto, (max-width: 300px) 100vw, 300px\" \/><\/a><\/div><a class=\"wp-block-latest-posts__post-title\" href=\"https:\/\/andreatomicich.com\/index.php\/2022\/09\/19\/italian-baja-2016\/\">Italian Baja 2016<\/a><div class=\"wp-block-latest-posts__post-excerpt\">L&#8217;Italian Baja nasce nel 1993 da un&#8217;idea dell&#8217;Off-road Club 4\u00d74 Pordenone, forte di una passata esperienza di Jamboree, gare di orientamento in notturna e 4\u00d74 endurance.<\/div><\/li>\n<li><div class=\"wp-block-latest-posts__featured-image aligncenter\"><a href=\"https:\/\/andreatomicich.com\/index.php\/2022\/09\/19\/italian-baja-2015\/\" aria-label=\"Italian Baja 2015\"><img loading=\"lazy\" decoding=\"async\" width=\"300\" height=\"200\" src=\"https:\/\/andreatomicich.com\/wp-content\/uploads\/2022\/09\/BA0Y0591-300x200.jpg\" class=\"attachment-medium size-medium wp-post-image\" alt=\"\" style=\"\" srcset=\"https:\/\/andreatomicich.com\/wp-content\/uploads\/2022\/09\/BA0Y0591-300x200.jpg 300w, https:\/\/andreatomicich.com\/wp-content\/uploads\/2022\/09\/BA0Y0591-768x512.jpg 768w, https:\/\/andreatomicich.com\/wp-content\/uploads\/2022\/09\/BA0Y0591.jpg 1000w\" sizes=\"auto, (max-width: 300px) 100vw, 300px\" \/><\/a><\/div><a class=\"wp-block-latest-posts__post-title\" href=\"https:\/\/andreatomicich.com\/index.php\/2022\/09\/19\/italian-baja-2015\/\">Italian Baja 2015<\/a><div class=\"wp-block-latest-posts__post-excerpt\">L&#8217;Italian Baja nasce nel 1993 da un&#8217;idea dell&#8217;Off-road Club 4\u00d74 Pordenone, forte di una passata esperienza di Jamboree, gare di orientamento in notturna e 4\u00d74 endurance.<\/div><\/li>\n<li><div class=\"wp-block-latest-posts__featured-image aligncenter\"><a href=\"https:\/\/andreatomicich.com\/index.php\/2022\/09\/19\/muggia-motorsweek-2013\/\" aria-label=\"Muggia MotorsWeek 2013\"><img loading=\"lazy\" decoding=\"async\" width=\"300\" height=\"200\" src=\"https:\/\/andreatomicich.com\/wp-content\/uploads\/2022\/09\/1DX_0565-300x200.jpg\" class=\"attachment-medium size-medium wp-post-image\" alt=\"\" style=\"\" srcset=\"https:\/\/andreatomicich.com\/wp-content\/uploads\/2022\/09\/1DX_0565-300x200.jpg 300w, https:\/\/andreatomicich.com\/wp-content\/uploads\/2022\/09\/1DX_0565-768x512.jpg 768w, https:\/\/andreatomicich.com\/wp-content\/uploads\/2022\/09\/1DX_0565.jpg 1000w\" sizes=\"auto, (max-width: 300px) 100vw, 300px\" \/><\/a><\/div><a class=\"wp-block-latest-posts__post-title\" href=\"https:\/\/andreatomicich.com\/index.php\/2022\/09\/19\/muggia-motorsweek-2013\/\">Muggia MotorsWeek 2013<\/a><div class=\"wp-block-latest-posts__post-excerpt\">Muggia Motors Week \u00e8 &#8220;Motor Show&#8221; organizzato dalla Pro Loco Muggia<\/div><\/li>\n<li><div class=\"wp-block-latest-posts__featured-image aligncenter\"><a href=\"https:\/\/andreatomicich.com\/index.php\/2022\/09\/19\/italian-baja-2014\/\" aria-label=\"Italian Baja 2014\"><img loading=\"lazy\" decoding=\"async\" width=\"300\" height=\"200\" src=\"https:\/\/andreatomicich.com\/wp-content\/uploads\/2022\/09\/1DX_a059-300x200.jpg\" class=\"attachment-medium size-medium wp-post-image\" alt=\"\" style=\"\" srcset=\"https:\/\/andreatomicich.com\/wp-content\/uploads\/2022\/09\/1DX_a059-300x200.jpg 300w, https:\/\/andreatomicich.com\/wp-content\/uploads\/2022\/09\/1DX_a059-768x512.jpg 768w, https:\/\/andreatomicich.com\/wp-content\/uploads\/2022\/09\/1DX_a059.jpg 1000w\" sizes=\"auto, (max-width: 300px) 100vw, 300px\" \/><\/a><\/div><a class=\"wp-block-latest-posts__post-title\" href=\"https:\/\/andreatomicich.com\/index.php\/2022\/09\/19\/italian-baja-2014\/\">Italian Baja 2014<\/a><div class=\"wp-block-latest-posts__post-excerpt\">L&#8217;Italian Baja nasce nel 1993 da un&#8217;idea dell&#8217;Off-road Club 4\u00d74 Pordenone, forte di una passata esperienza di Jamboree, gare di orientamento in notturna e 4\u00d74 endurance.<\/div><\/li>\n<li><div class=\"wp-block-latest-posts__featured-image aligncenter\"><a href=\"https:\/\/andreatomicich.com\/index.php\/2022\/09\/18\/jesolo-airshow-2017\/\" aria-label=\"Jesolo AirShow 2017\"><img loading=\"lazy\" decoding=\"async\" width=\"300\" height=\"200\" src=\"https:\/\/andreatomicich.com\/wp-content\/uploads\/2022\/09\/1DX_5973-300x200.jpg\" class=\"attachment-medium size-medium wp-post-image\" alt=\"\" style=\"\" srcset=\"https:\/\/andreatomicich.com\/wp-content\/uploads\/2022\/09\/1DX_5973-300x200.jpg 300w, https:\/\/andreatomicich.com\/wp-content\/uploads\/2022\/09\/1DX_5973-768x512.jpg 768w, https:\/\/andreatomicich.com\/wp-content\/uploads\/2022\/09\/1DX_5973-1199x800.jpg 1199w, https:\/\/andreatomicich.com\/wp-content\/uploads\/2022\/09\/1DX_5973.jpg 1000w\" sizes=\"auto, (max-width: 300px) 100vw, 300px\" \/><\/a><\/div><a class=\"wp-block-latest-posts__post-title\" href=\"https:\/\/andreatomicich.com\/index.php\/2022\/09\/18\/jesolo-airshow-2017\/\">Jesolo AirShow 2017<\/a><div class=\"wp-block-latest-posts__post-excerpt\">Domenica 27 agosto 2017 per lo Jesolo European Air Show, il pi\u00f9 grande spettacolo aereo.Per tre ore alzando lo sguardo al cielo potremo ammirare gli aerei dell&#8217;Aeronautica Militare Italiana e di altre forze aeree straniere tra cui, nuovo e gradito ospite, la Pattuglia Acrobatica Spagnola Patrulla Aguila che per la\u2026 <a class=\"wp-block-latest-posts__read-more\" href=\"https:\/\/andreatomicich.com\/index.php\/2022\/09\/18\/jesolo-airshow-2017\/\" rel=\"noopener noreferrer\">Read more<span class=\"screen-reader-text\">: Jesolo AirShow 2017<\/span><\/a><\/div><\/li>\n<li><div class=\"wp-block-latest-posts__featured-image aligncenter\"><a href=\"https:\/\/andreatomicich.com\/index.php\/2022\/09\/18\/rivolto-2015\/\" aria-label=\"Rivolto 2015\"><img loading=\"lazy\" decoding=\"async\" width=\"300\" height=\"200\" src=\"https:\/\/andreatomicich.com\/wp-content\/uploads\/2022\/09\/1DX_7316-300x200.jpg\" class=\"attachment-medium size-medium wp-post-image\" alt=\"\" style=\"\" srcset=\"https:\/\/andreatomicich.com\/wp-content\/uploads\/2022\/09\/1DX_7316-300x200.jpg 300w, https:\/\/andreatomicich.com\/wp-content\/uploads\/2022\/09\/1DX_7316-768x512.jpg 768w, https:\/\/andreatomicich.com\/wp-content\/uploads\/2022\/09\/1DX_7316.jpg 1000w\" sizes=\"auto, (max-width: 300px) 100vw, 300px\" \/><\/a><\/div><a class=\"wp-block-latest-posts__post-title\" href=\"https:\/\/andreatomicich.com\/index.php\/2022\/09\/18\/rivolto-2015\/\">Rivolto 2015<\/a><div class=\"wp-block-latest-posts__post-excerpt\">La Base Aerea di Rivolto (IATA: nessuna, ICAO: LIPI) \u00e8 una base aerea dell&#8217;Aeronautica Militare italiana situata a Codroipo, in provincia di Udine (Italia). \u00c8 la base della pattuglia acrobatica delle Frecce Tricolori. Con cadenza pi\u00f9 o meno regolare, in questa base si svolgono manifestazioni aeree che coinvolgono molti paesi.\u2026 <a class=\"wp-block-latest-posts__read-more\" href=\"https:\/\/andreatomicich.com\/index.php\/2022\/09\/18\/rivolto-2015\/\" rel=\"noopener noreferrer\">Read more<span class=\"screen-reader-text\">: Rivolto 2015<\/span><\/a><\/div><\/li>\n<\/ul>","protected":false},"excerpt":{"rendered":"<p>Sport, motori, aerei e azione<\/p>\n","protected":false},"author":1,"featured_media":0,"parent":0,"menu_order":0,"comment_status":"closed","ping_status":"closed","template":"","meta":{"site-sidebar-layout":"default","site-content-layout":"","ast-site-content-layout":"default","site-content-style":"default","site-sidebar-style":"default","ast-global-header-display":"","ast-banner-title-visibility":"","ast-main-header-display":"","ast-hfb-above-header-display":"","ast-hfb-below-header-display":"","ast-hfb-mobile-header-display":"","site-post-title":"","ast-breadcrumbs-content":"","ast-featured-img":"","footer-sml-layout":"","ast-disable-related-posts":"","theme-transparent-header-meta":"","adv-header-id-meta":"","stick-header-meta":"","header-above-stick-meta":"","header-main-stick-meta":"","header-below-stick-meta":"","astra-migrate-meta-layouts":"default","ast-page-background-enabled":"default","ast-page-background-meta":{"desktop":{"background-color":"var(--ast-global-color-4)","background-image":"","background-repeat":"repeat","background-position":"center center","background-size":"auto","background-attachment":"scroll","background-type":"","background-media":"","overlay-type":"","overlay-color":"","overlay-opacity":"","overlay-gradient":""},"tablet":{"background-color":"","background-image":"","background-repeat":"repeat","background-position":"center center","background-size":"auto","background-attachment":"scroll","background-type":"","background-media":"","overlay-type":"","overlay-color":"","overlay-opacity":"","overlay-gradient":""},"mobile":{"background-color":"","background-image":"","background-repeat":"repeat","background-position":"center center","background-size":"auto","background-attachment":"scroll","background-type":"","background-media":"","overlay-type":"","overlay-color":"","overlay-opacity":"","overlay-gradient":""}},"ast-content-background-meta":{"desktop":{"background-color":"var(--ast-global-color-5)","background-image":"","background-repeat":"repeat","background-position":"center center","background-size":"auto","background-attachment":"scroll","background-type":"","background-media":"","overlay-type":"","overlay-color":"","overlay-opacity":"","overlay-gradient":""},"tablet":{"background-color":"var(--ast-global-color-5)","background-image":"","background-repeat":"repeat","background-position":"center center","background-size":"auto","background-attachment":"scroll","background-type":"","background-media":"","overlay-type":"","overlay-color":"","overlay-opacity":"","overlay-gradient":""},"mobile":{"background-color":"var(--ast-global-color-5)","background-image":"","background-repeat":"repeat","background-position":"center center","background-size":"auto","background-attachment":"scroll","background-type":"","background-media":"","overlay-type":"","overlay-color":"","overlay-opacity":"","overlay-gradient":""}},"footnotes":""},"class_list":["post-189","page","type-page","status-publish","hentry"],"yoast_head":"<!-- This site is optimized with the Yoast SEO plugin v27.4 - https:\/\/yoast.com\/product\/yoast-seo-wordpress\/ -->\n<title>Sport_Gallery - Andrea Tomicich photography<\/title>\n<meta name=\"robots\" content=\"index, follow, max-snippet:-1, max-image-preview:large, max-video-preview:-1\" \/>\n<link rel=\"canonical\" href=\"https:\/\/andreatomicich.com\/index.php\/sport_gallery\/\" \/>\n<meta property=\"og:locale\" content=\"en_US\" \/>\n<meta property=\"og:type\" content=\"article\" \/>\n<meta property=\"og:title\" content=\"Sport_Gallery - Andrea Tomicich photography\" \/>\n<meta property=\"og:description\" content=\"Sport, motori, aerei e azione\" \/>\n<meta property=\"og:url\" content=\"https:\/\/andreatomicich.com\/index.php\/sport_gallery\/\" \/>\n<meta property=\"og:site_name\" content=\"Andrea Tomicich photography\" \/>\n<meta property=\"article:modified_time\" content=\"2023-03-02T16:25:52+00:00\" \/>\n<meta property=\"og:image\" content=\"https:\/\/andreatomicich.com\/wp-content\/uploads\/2022\/10\/Andrea_Tomicich_02.jpg\" \/>\n\t<meta property=\"og:image:width\" content=\"1000\" \/>\n\t<meta property=\"og:image:height\" content=\"667\" \/>\n\t<meta property=\"og:image:type\" content=\"image\/jpeg\" \/>\n<meta name=\"twitter:card\" content=\"summary_large_image\" \/>\n<meta name=\"twitter:label1\" content=\"Est. reading time\" \/>\n\t<meta name=\"twitter:data1\" content=\"1 minute\" \/>\n<script type=\"application\/ld+json\" class=\"yoast-schema-graph\">{\"@context\":\"https:\\\/\\\/schema.org\",\"@graph\":[{\"@type\":\"WebPage\",\"@id\":\"https:\\\/\\\/andreatomicich.com\\\/index.php\\\/sport_gallery\\\/\",\"url\":\"https:\\\/\\\/andreatomicich.com\\\/index.php\\\/sport_gallery\\\/\",\"name\":\"Sport_Gallery - Andrea Tomicich photography\",\"isPartOf\":{\"@id\":\"https:\\\/\\\/andreatomicich.com\\\/#website\"},\"datePublished\":\"2022-09-15T18:11:47+00:00\",\"dateModified\":\"2023-03-02T16:25:52+00:00\",\"breadcrumb\":{\"@id\":\"https:\\\/\\\/andreatomicich.com\\\/index.php\\\/sport_gallery\\\/#breadcrumb\"},\"inLanguage\":\"en-US\",\"potentialAction\":[{\"@type\":\"ReadAction\",\"target\":[\"https:\\\/\\\/andreatomicich.com\\\/index.php\\\/sport_gallery\\\/\"]}]},{\"@type\":\"BreadcrumbList\",\"@id\":\"https:\\\/\\\/andreatomicich.com\\\/index.php\\\/sport_gallery\\\/#breadcrumb\",\"itemListElement\":[{\"@type\":\"ListItem\",\"position\":1,\"name\":\"Home\",\"item\":\"https:\\\/\\\/andreatomicich.com\\\/\"},{\"@type\":\"ListItem\",\"position\":2,\"name\":\"Sport_Gallery\"}]},{\"@type\":\"WebSite\",\"@id\":\"https:\\\/\\\/andreatomicich.com\\\/#website\",\"url\":\"https:\\\/\\\/andreatomicich.com\\\/\",\"name\":\"Andrea Tomicich photography\",\"description\":\"Dalla realt\u00e0 all&#039;arte: il potere della fotografia infrarossa\",\"publisher\":{\"@id\":\"https:\\\/\\\/andreatomicich.com\\\/#\\\/schema\\\/person\\\/498b7e9a035e820bb132541f8079f81b\"},\"alternateName\":\"Scatti che trasformano il normale in straordinario: fotografia artistica e infrarossa\",\"potentialAction\":[{\"@type\":\"SearchAction\",\"target\":{\"@type\":\"EntryPoint\",\"urlTemplate\":\"https:\\\/\\\/andreatomicich.com\\\/?s={search_term_string}\"},\"query-input\":{\"@type\":\"PropertyValueSpecification\",\"valueRequired\":true,\"valueName\":\"search_term_string\"}}],\"inLanguage\":\"en-US\"},{\"@type\":[\"Person\",\"Organization\"],\"@id\":\"https:\\\/\\\/andreatomicich.com\\\/#\\\/schema\\\/person\\\/498b7e9a035e820bb132541f8079f81b\",\"name\":\"AdMiN9998\",\"image\":{\"@type\":\"ImageObject\",\"inLanguage\":\"en-US\",\"@id\":\"https:\\\/\\\/andreatomicich.com\\\/wp-content\\\/uploads\\\/2022\\\/09\\\/AT_full_500px_Black.png\",\"url\":\"https:\\\/\\\/andreatomicich.com\\\/wp-content\\\/uploads\\\/2022\\\/09\\\/AT_full_500px_Black.png\",\"contentUrl\":\"https:\\\/\\\/andreatomicich.com\\\/wp-content\\\/uploads\\\/2022\\\/09\\\/AT_full_500px_Black.png\",\"width\":500,\"height\":127,\"caption\":\"AdMiN9998\"},\"logo\":{\"@id\":\"https:\\\/\\\/andreatomicich.com\\\/wp-content\\\/uploads\\\/2022\\\/09\\\/AT_full_500px_Black.png\"},\"sameAs\":[\"https:\\\/\\\/andreatomicich.com\"]}]}<\/script>\n<!-- \/ Yoast SEO plugin. -->","yoast_head_json":{"title":"Sport_Gallery - Andrea Tomicich photography","robots":{"index":"index","follow":"follow","max-snippet":"max-snippet:-1","max-image-preview":"max-image-preview:large","max-video-preview":"max-video-preview:-1"},"canonical":"https:\/\/andreatomicich.com\/index.php\/sport_gallery\/","og_locale":"en_US","og_type":"article","og_title":"Sport_Gallery - Andrea Tomicich photography","og_description":"Sport, motori, aerei e azione","og_url":"https:\/\/andreatomicich.com\/index.php\/sport_gallery\/","og_site_name":"Andrea Tomicich photography","article_modified_time":"2023-03-02T16:25:52+00:00","og_image":[{"width":1000,"height":667,"url":"https:\/\/andreatomicich.com\/wp-content\/uploads\/2022\/10\/Andrea_Tomicich_02.jpg","type":"image\/jpeg"}],"twitter_card":"summary_large_image","twitter_misc":{"Est. reading time":"1 minute"},"schema":{"@context":"https:\/\/schema.org","@graph":[{"@type":"WebPage","@id":"https:\/\/andreatomicich.com\/index.php\/sport_gallery\/","url":"https:\/\/andreatomicich.com\/index.php\/sport_gallery\/","name":"Sport_Gallery - Andrea Tomicich photography","isPartOf":{"@id":"https:\/\/andreatomicich.com\/#website"},"datePublished":"2022-09-15T18:11:47+00:00","dateModified":"2023-03-02T16:25:52+00:00","breadcrumb":{"@id":"https:\/\/andreatomicich.com\/index.php\/sport_gallery\/#breadcrumb"},"inLanguage":"en-US","potentialAction":[{"@type":"ReadAction","target":["https:\/\/andreatomicich.com\/index.php\/sport_gallery\/"]}]},{"@type":"BreadcrumbList","@id":"https:\/\/andreatomicich.com\/index.php\/sport_gallery\/#breadcrumb","itemListElement":[{"@type":"ListItem","position":1,"name":"Home","item":"https:\/\/andreatomicich.com\/"},{"@type":"ListItem","position":2,"name":"Sport_Gallery"}]},{"@type":"WebSite","@id":"https:\/\/andreatomicich.com\/#website","url":"https:\/\/andreatomicich.com\/","name":"Andrea Tomicich photography","description":"Dalla realt\u00e0 all&#039;arte: il potere della fotografia infrarossa","publisher":{"@id":"https:\/\/andreatomicich.com\/#\/schema\/person\/498b7e9a035e820bb132541f8079f81b"},"alternateName":"Scatti che trasformano il normale in straordinario: fotografia artistica e infrarossa","potentialAction":[{"@type":"SearchAction","target":{"@type":"EntryPoint","urlTemplate":"https:\/\/andreatomicich.com\/?s={search_term_string}"},"query-input":{"@type":"PropertyValueSpecification","valueRequired":true,"valueName":"search_term_string"}}],"inLanguage":"en-US"},{"@type":["Person","Organization"],"@id":"https:\/\/andreatomicich.com\/#\/schema\/person\/498b7e9a035e820bb132541f8079f81b","name":"AdMiN9998","image":{"@type":"ImageObject","inLanguage":"en-US","@id":"https:\/\/andreatomicich.com\/wp-content\/uploads\/2022\/09\/AT_full_500px_Black.png","url":"https:\/\/andreatomicich.com\/wp-content\/uploads\/2022\/09\/AT_full_500px_Black.png","contentUrl":"https:\/\/andreatomicich.com\/wp-content\/uploads\/2022\/09\/AT_full_500px_Black.png","width":500,"height":127,"caption":"AdMiN9998"},"logo":{"@id":"https:\/\/andreatomicich.com\/wp-content\/uploads\/2022\/09\/AT_full_500px_Black.png"},"sameAs":["https:\/\/andreatomicich.com"]}]}},"builder_content":"","_links":{"self":[{"href":"https:\/\/andreatomicich.com\/index.php\/wp-json\/wp\/v2\/pages\/189","targetHints":{"allow":["GET"]}}],"collection":[{"href":"https:\/\/andreatomicich.com\/index.php\/wp-json\/wp\/v2\/pages"}],"about":[{"href":"https:\/\/andreatomicich.com\/index.php\/wp-json\/wp\/v2\/types\/page"}],"author":[{"embeddable":true,"href":"https:\/\/andreatomicich.com\/index.php\/wp-json\/wp\/v2\/users\/1"}],"replies":[{"embeddable":true,"href":"https:\/\/andreatomicich.com\/index.php\/wp-json\/wp\/v2\/comments?post=189"}],"version-history":[{"count":2,"href":"https:\/\/andreatomicich.com\/index.php\/wp-json\/wp\/v2\/pages\/189\/revisions"}],"predecessor-version":[{"id":837,"href":"https:\/\/andreatomicich.com\/index.php\/wp-json\/wp\/v2\/pages\/189\/revisions\/837"}],"wp:attachment":[{"href":"https:\/\/andreatomicich.com\/index.php\/wp-json\/wp\/v2\/media?parent=189"}],"curies":[{"name":"wp","href":"https:\/\/api.w.org\/{rel}","templated":true}]}}