{"id":87,"date":"2022-09-15T13:31:12","date_gmt":"2022-09-15T13:31:12","guid":{"rendered":"https:\/\/andreatomicich.com\/?page_id=87"},"modified":"2023-03-02T16:21:45","modified_gmt":"2023-03-02T16:21:45","slug":"nirda_gallery","status":"publish","type":"page","link":"https:\/\/andreatomicich.com\/index.php\/nirda_gallery\/","title":{"rendered":"Nirda_Gallery"},"content":{"rendered":"\n<p class=\"has-text-align-center has-large-font-size\"><strong><em>Gallerie del vicino Infrarosso<\/em><\/strong><\/p>\n\n\n<ul class=\"wp-block-latest-posts__list is-grid columns-3 wp-block-latest-posts\"><li><div class=\"wp-block-latest-posts__featured-image aligncenter\"><a href=\"https:\/\/andreatomicich.com\/index.php\/2023\/07\/02\/lipica\/\" aria-label=\"Lipica\"><img loading=\"lazy\" decoding=\"async\" width=\"300\" height=\"210\" src=\"https:\/\/andreatomicich.com\/wp-content\/uploads\/2023\/07\/IMG_8588-300x210.jpg\" class=\"attachment-medium size-medium wp-post-image\" alt=\"\" style=\"\" srcset=\"https:\/\/andreatomicich.com\/wp-content\/uploads\/2023\/07\/IMG_8588-300x210.jpg 300w, https:\/\/andreatomicich.com\/wp-content\/uploads\/2023\/07\/IMG_8588-1024x717.jpg 1024w, https:\/\/andreatomicich.com\/wp-content\/uploads\/2023\/07\/IMG_8588-768x538.jpg 768w, https:\/\/andreatomicich.com\/wp-content\/uploads\/2023\/07\/IMG_8588.jpg 1080w\" sizes=\"auto, (max-width: 300px) 100vw, 300px\" \/><\/a><\/div><a class=\"wp-block-latest-posts__post-title\" href=\"https:\/\/andreatomicich.com\/index.php\/2023\/07\/02\/lipica\/\">Lipica<\/a><div class=\"wp-block-latest-posts__post-excerpt\">Lipizza (Lipica) &#8211; La Culla dei cavalli Lipizzani Visitare Lipizza \u00e8 sempre un gran piacere. L&#8217;ambiente tutto attorno \u00e8 rilassante e silenzioso, molto spesso \u00e8 possibile vedere i famosi cavalli Lipizzani, famosi per il loro mantello bianco candido, pascolare nei vasti campi di erba tutto intorno al centro storico. Gli\u2026 <a class=\"wp-block-latest-posts__read-more\" href=\"https:\/\/andreatomicich.com\/index.php\/2023\/07\/02\/lipica\/\" rel=\"noopener noreferrer\">Read more<span class=\"screen-reader-text\">: Lipica<\/span><\/a><\/div><\/li>\n<li><div class=\"wp-block-latest-posts__featured-image aligncenter\"><a href=\"https:\/\/andreatomicich.com\/index.php\/2023\/07\/02\/i-campi-di-lavanda\/\" aria-label=\"I campi di lavanda\"><img loading=\"lazy\" decoding=\"async\" width=\"300\" height=\"210\" src=\"https:\/\/andreatomicich.com\/wp-content\/uploads\/2023\/07\/IMG_0018-300x210.jpg\" class=\"attachment-medium size-medium wp-post-image\" alt=\"\" style=\"\" srcset=\"https:\/\/andreatomicich.com\/wp-content\/uploads\/2023\/07\/IMG_0018-300x210.jpg 300w, https:\/\/andreatomicich.com\/wp-content\/uploads\/2023\/07\/IMG_0018-1024x716.jpg 1024w, https:\/\/andreatomicich.com\/wp-content\/uploads\/2023\/07\/IMG_0018-768x537.jpg 768w, https:\/\/andreatomicich.com\/wp-content\/uploads\/2023\/07\/IMG_0018.jpg 1080w\" sizes=\"auto, (max-width: 300px) 100vw, 300px\" \/><\/a><\/div><a class=\"wp-block-latest-posts__post-title\" href=\"https:\/\/andreatomicich.com\/index.php\/2023\/07\/02\/i-campi-di-lavanda\/\">I campi di lavanda<\/a><div class=\"wp-block-latest-posts__post-excerpt\">I campi di lavanda a Povir (SLO) I campi di lavanda sono molto interessanti da vedere. Nella localit\u00e0 di Povir (SLO) circa una decina di anni fa Gregor Ren\u010delj piant\u00f2 le prime mille piantine di lavanda, dando inizio a quella che poi sarebbe diventata la Ren\u010delj Cosmetics, una piccola azienda\u2026 <a class=\"wp-block-latest-posts__read-more\" href=\"https:\/\/andreatomicich.com\/index.php\/2023\/07\/02\/i-campi-di-lavanda\/\" rel=\"noopener noreferrer\">Read more<span class=\"screen-reader-text\">: I campi di lavanda<\/span><\/a><\/div><\/li>\n<li><div class=\"wp-block-latest-posts__featured-image aligncenter\"><a href=\"https:\/\/andreatomicich.com\/index.php\/2023\/04\/13\/passeggiata-tra-i-capanni-dei-pescatori\/\" aria-label=\"Passeggiata tra i capanni dei pescatori\"><img loading=\"lazy\" decoding=\"async\" width=\"300\" height=\"200\" src=\"https:\/\/andreatomicich.com\/wp-content\/uploads\/2023\/04\/IMG_8533-Edit-300x200.jpg\" class=\"attachment-medium size-medium wp-post-image\" alt=\"\" style=\"\" srcset=\"https:\/\/andreatomicich.com\/wp-content\/uploads\/2023\/04\/IMG_8533-Edit-300x200.jpg 300w, https:\/\/andreatomicich.com\/wp-content\/uploads\/2023\/04\/IMG_8533-Edit-768x512.jpg 768w, https:\/\/andreatomicich.com\/wp-content\/uploads\/2023\/04\/IMG_8533-Edit.jpg 1000w\" sizes=\"auto, (max-width: 300px) 100vw, 300px\" \/><\/a><\/div><a class=\"wp-block-latest-posts__post-title\" href=\"https:\/\/andreatomicich.com\/index.php\/2023\/04\/13\/passeggiata-tra-i-capanni-dei-pescatori\/\">Passeggiata tra i capanni dei pescatori<\/a><div class=\"wp-block-latest-posts__post-excerpt\">Passeggiare tra i vecchi capanni abbandonati dei pescatori della foce dell&#8217;Isonzo \u00e8 un piacere. Relax e silenzio, paesaggi incantevoli e quasi surreali, abbandonati e suggestivi. Gli animali si aggirano sottolineando la loro appartenenza a quel territorio.<\/div><\/li>\n<li><div class=\"wp-block-latest-posts__featured-image aligncenter\"><a href=\"https:\/\/andreatomicich.com\/index.php\/2022\/09\/22\/fusine-lakes-2\/\" aria-label=\"Laghi di Fusine\"><img loading=\"lazy\" decoding=\"async\" width=\"300\" height=\"98\" src=\"https:\/\/andreatomicich.com\/wp-content\/uploads\/2022\/09\/IMG_5643-Pano-300x98.jpg\" class=\"attachment-medium size-medium wp-post-image\" alt=\"\" style=\"\" srcset=\"https:\/\/andreatomicich.com\/wp-content\/uploads\/2022\/09\/IMG_5643-Pano-300x98.jpg 300w, https:\/\/andreatomicich.com\/wp-content\/uploads\/2022\/09\/IMG_5643-Pano-768x250.jpg 768w, https:\/\/andreatomicich.com\/wp-content\/uploads\/2022\/09\/IMG_5643-Pano.jpg 1000w\" sizes=\"auto, (max-width: 300px) 100vw, 300px\" \/><\/a><\/div><a class=\"wp-block-latest-posts__post-title\" href=\"https:\/\/andreatomicich.com\/index.php\/2022\/09\/22\/fusine-lakes-2\/\">Laghi di Fusine<\/a><div class=\"wp-block-latest-posts__post-excerpt\">In Italia, vicino ai confini con Slovenia e Austria ci sono due meravigliosi laghi, i Laghi di Fusine. I due laghi sono il Lago di Fusine Superiore e il Lago di Fusine Inferiore. Il colore di questi laghi (Nello spettro visibile standard) \u00e8 blu-verdastro ed \u00e8 molto bello.<\/div><\/li>\n<li><div class=\"wp-block-latest-posts__featured-image aligncenter\"><a href=\"https:\/\/andreatomicich.com\/index.php\/2022\/09\/15\/kiana_nirda\/\" aria-label=\"Model K.  &#8211; Vicino Infrarosso\"><img loading=\"lazy\" decoding=\"async\" width=\"300\" height=\"200\" src=\"https:\/\/andreatomicich.com\/wp-content\/uploads\/2022\/09\/IMG_4539-300x200.jpg\" class=\"attachment-medium size-medium wp-post-image\" alt=\"\" style=\"\" srcset=\"https:\/\/andreatomicich.com\/wp-content\/uploads\/2022\/09\/IMG_4539-300x200.jpg 300w, https:\/\/andreatomicich.com\/wp-content\/uploads\/2022\/09\/IMG_4539-768x512.jpg 768w, https:\/\/andreatomicich.com\/wp-content\/uploads\/2022\/09\/IMG_4539.jpg 1000w\" sizes=\"auto, (max-width: 300px) 100vw, 300px\" \/><\/a><\/div><a class=\"wp-block-latest-posts__post-title\" href=\"https:\/\/andreatomicich.com\/index.php\/2022\/09\/15\/kiana_nirda\/\">Model K.  &#8211; Vicino Infrarosso<\/a><div class=\"wp-block-latest-posts__post-excerpt\">Model K. &#8211; Vicino Infrarosso &#8211; 720nm Giovane modella ripresa con tecnica Infrared. \u00c8 stato utilizzato un filtro del vicino infrarosso (720 nm).<\/div><\/li>\n<li><div class=\"wp-block-latest-posts__featured-image aligncenter\"><a href=\"https:\/\/andreatomicich.com\/index.php\/2022\/09\/15\/strolling-around-in-venice\/\" aria-label=\"Strolling around in Venice\"><img loading=\"lazy\" decoding=\"async\" width=\"300\" height=\"200\" src=\"https:\/\/andreatomicich.com\/wp-content\/uploads\/2022\/09\/IMG_6262-copy-300x200.jpg\" class=\"attachment-medium size-medium wp-post-image\" alt=\"\" style=\"\" srcset=\"https:\/\/andreatomicich.com\/wp-content\/uploads\/2022\/09\/IMG_6262-copy-300x200.jpg 300w, https:\/\/andreatomicich.com\/wp-content\/uploads\/2022\/09\/IMG_6262-copy-768x512.jpg 768w, https:\/\/andreatomicich.com\/wp-content\/uploads\/2022\/09\/IMG_6262-copy.jpg 1000w\" sizes=\"auto, (max-width: 300px) 100vw, 300px\" \/><\/a><\/div><a class=\"wp-block-latest-posts__post-title\" href=\"https:\/\/andreatomicich.com\/index.php\/2022\/09\/15\/strolling-around-in-venice\/\">Strolling around in Venice<\/a><div class=\"wp-block-latest-posts__post-excerpt\">A spasso per Venezia Passeggiare a Venezia \u00e8 sempre un grande piacere. Questa citt\u00e0 \u00e8 ricca di bei scorci e di storie, racchiusa in ogni vicolo e piccolo canale che la costituisce.Sicuramente un luogo perfetto per fotografare i segreti di una citt\u00e0 unica al mondo con la tecnica dell&#8217;infrarosso, svelando\u2026 <a class=\"wp-block-latest-posts__read-more\" href=\"https:\/\/andreatomicich.com\/index.php\/2022\/09\/15\/strolling-around-in-venice\/\" rel=\"noopener noreferrer\">Read more<span class=\"screen-reader-text\">: Strolling around in Venice<\/span><\/a><\/div><\/li>\n<\/ul>","protected":false},"excerpt":{"rendered":"<p>Gallerie del vicino Infrarosso<\/p>\n","protected":false},"author":1,"featured_media":0,"parent":0,"menu_order":0,"comment_status":"closed","ping_status":"closed","template":"","meta":{"site-sidebar-layout":"default","site-content-layout":"","ast-site-content-layout":"default","site-content-style":"default","site-sidebar-style":"default","ast-global-header-display":"","ast-banner-title-visibility":"","ast-main-header-display":"","ast-hfb-above-header-display":"","ast-hfb-below-header-display":"","ast-hfb-mobile-header-display":"","site-post-title":"","ast-breadcrumbs-content":"","ast-featured-img":"","footer-sml-layout":"","ast-disable-related-posts":"","theme-transparent-header-meta":"","adv-header-id-meta":"","stick-header-meta":"","header-above-stick-meta":"","header-main-stick-meta":"","header-below-stick-meta":"","astra-migrate-meta-layouts":"default","ast-page-background-enabled":"default","ast-page-background-meta":{"desktop":{"background-color":"var(--ast-global-color-4)","background-image":"","background-repeat":"repeat","background-position":"center center","background-size":"auto","background-attachment":"scroll","background-type":"","background-media":"","overlay-type":"","overlay-color":"","overlay-opacity":"","overlay-gradient":""},"tablet":{"background-color":"","background-image":"","background-repeat":"repeat","background-position":"center center","background-size":"auto","background-attachment":"scroll","background-type":"","background-media":"","overlay-type":"","overlay-color":"","overlay-opacity":"","overlay-gradient":""},"mobile":{"background-color":"","background-image":"","background-repeat":"repeat","background-position":"center center","background-size":"auto","background-attachment":"scroll","background-type":"","background-media":"","overlay-type":"","overlay-color":"","overlay-opacity":"","overlay-gradient":""}},"ast-content-background-meta":{"desktop":{"background-color":"var(--ast-global-color-5)","background-image":"","background-repeat":"repeat","background-position":"center center","background-size":"auto","background-attachment":"scroll","background-type":"","background-media":"","overlay-type":"","overlay-color":"","overlay-opacity":"","overlay-gradient":""},"tablet":{"background-color":"var(--ast-global-color-5)","background-image":"","background-repeat":"repeat","background-position":"center center","background-size":"auto","background-attachment":"scroll","background-type":"","background-media":"","overlay-type":"","overlay-color":"","overlay-opacity":"","overlay-gradient":""},"mobile":{"background-color":"var(--ast-global-color-5)","background-image":"","background-repeat":"repeat","background-position":"center center","background-size":"auto","background-attachment":"scroll","background-type":"","background-media":"","overlay-type":"","overlay-color":"","overlay-opacity":"","overlay-gradient":""}},"footnotes":""},"class_list":["post-87","page","type-page","status-publish","hentry"],"yoast_head":"<!-- This site is optimized with the Yoast SEO plugin v27.5 - https:\/\/yoast.com\/product\/yoast-seo-wordpress\/ -->\n<title>Nirda_Gallery - Andrea Tomicich photography<\/title>\n<meta name=\"robots\" content=\"index, follow, max-snippet:-1, max-image-preview:large, max-video-preview:-1\" \/>\n<link rel=\"canonical\" href=\"https:\/\/andreatomicich.com\/index.php\/nirda_gallery\/\" \/>\n<meta property=\"og:locale\" content=\"en_US\" \/>\n<meta property=\"og:type\" content=\"article\" \/>\n<meta property=\"og:title\" content=\"Nirda_Gallery - Andrea Tomicich photography\" \/>\n<meta property=\"og:description\" content=\"Gallerie del vicino Infrarosso\" \/>\n<meta property=\"og:url\" content=\"https:\/\/andreatomicich.com\/index.php\/nirda_gallery\/\" \/>\n<meta property=\"og:site_name\" content=\"Andrea Tomicich photography\" \/>\n<meta property=\"article:modified_time\" content=\"2023-03-02T16:21:45+00:00\" \/>\n<meta property=\"og:image\" content=\"https:\/\/andreatomicich.com\/wp-content\/uploads\/2022\/10\/Andrea_Tomicich_02.jpg\" \/>\n\t<meta property=\"og:image:width\" content=\"1000\" \/>\n\t<meta property=\"og:image:height\" content=\"667\" \/>\n\t<meta property=\"og:image:type\" content=\"image\/jpeg\" \/>\n<meta name=\"twitter:card\" content=\"summary_large_image\" \/>\n<meta name=\"twitter:label1\" content=\"Est. reading time\" \/>\n\t<meta name=\"twitter:data1\" content=\"1 minute\" \/>\n<script type=\"application\/ld+json\" class=\"yoast-schema-graph\">{\"@context\":\"https:\\\/\\\/schema.org\",\"@graph\":[{\"@type\":\"WebPage\",\"@id\":\"https:\\\/\\\/andreatomicich.com\\\/index.php\\\/nirda_gallery\\\/\",\"url\":\"https:\\\/\\\/andreatomicich.com\\\/index.php\\\/nirda_gallery\\\/\",\"name\":\"Nirda_Gallery - Andrea Tomicich photography\",\"isPartOf\":{\"@id\":\"https:\\\/\\\/andreatomicich.com\\\/#website\"},\"datePublished\":\"2022-09-15T13:31:12+00:00\",\"dateModified\":\"2023-03-02T16:21:45+00:00\",\"breadcrumb\":{\"@id\":\"https:\\\/\\\/andreatomicich.com\\\/index.php\\\/nirda_gallery\\\/#breadcrumb\"},\"inLanguage\":\"en-US\",\"potentialAction\":[{\"@type\":\"ReadAction\",\"target\":[\"https:\\\/\\\/andreatomicich.com\\\/index.php\\\/nirda_gallery\\\/\"]}]},{\"@type\":\"BreadcrumbList\",\"@id\":\"https:\\\/\\\/andreatomicich.com\\\/index.php\\\/nirda_gallery\\\/#breadcrumb\",\"itemListElement\":[{\"@type\":\"ListItem\",\"position\":1,\"name\":\"Home\",\"item\":\"https:\\\/\\\/andreatomicich.com\\\/\"},{\"@type\":\"ListItem\",\"position\":2,\"name\":\"Nirda_Gallery\"}]},{\"@type\":\"WebSite\",\"@id\":\"https:\\\/\\\/andreatomicich.com\\\/#website\",\"url\":\"https:\\\/\\\/andreatomicich.com\\\/\",\"name\":\"Andrea Tomicich photography\",\"description\":\"Dalla realt\u00e0 all&#039;arte: il potere della fotografia infrarossa\",\"publisher\":{\"@id\":\"https:\\\/\\\/andreatomicich.com\\\/#\\\/schema\\\/person\\\/498b7e9a035e820bb132541f8079f81b\"},\"alternateName\":\"Scatti che trasformano il normale in straordinario: fotografia artistica e infrarossa\",\"potentialAction\":[{\"@type\":\"SearchAction\",\"target\":{\"@type\":\"EntryPoint\",\"urlTemplate\":\"https:\\\/\\\/andreatomicich.com\\\/?s={search_term_string}\"},\"query-input\":{\"@type\":\"PropertyValueSpecification\",\"valueRequired\":true,\"valueName\":\"search_term_string\"}}],\"inLanguage\":\"en-US\"},{\"@type\":[\"Person\",\"Organization\"],\"@id\":\"https:\\\/\\\/andreatomicich.com\\\/#\\\/schema\\\/person\\\/498b7e9a035e820bb132541f8079f81b\",\"name\":\"AdMiN9998\",\"image\":{\"@type\":\"ImageObject\",\"inLanguage\":\"en-US\",\"@id\":\"https:\\\/\\\/andreatomicich.com\\\/wp-content\\\/uploads\\\/2022\\\/09\\\/AT_full_500px_Black.png\",\"url\":\"https:\\\/\\\/andreatomicich.com\\\/wp-content\\\/uploads\\\/2022\\\/09\\\/AT_full_500px_Black.png\",\"contentUrl\":\"https:\\\/\\\/andreatomicich.com\\\/wp-content\\\/uploads\\\/2022\\\/09\\\/AT_full_500px_Black.png\",\"width\":500,\"height\":127,\"caption\":\"AdMiN9998\"},\"logo\":{\"@id\":\"https:\\\/\\\/andreatomicich.com\\\/wp-content\\\/uploads\\\/2022\\\/09\\\/AT_full_500px_Black.png\"},\"sameAs\":[\"https:\\\/\\\/andreatomicich.com\"]}]}<\/script>\n<!-- \/ Yoast SEO plugin. -->","yoast_head_json":{"title":"Nirda_Gallery - Andrea Tomicich photography","robots":{"index":"index","follow":"follow","max-snippet":"max-snippet:-1","max-image-preview":"max-image-preview:large","max-video-preview":"max-video-preview:-1"},"canonical":"https:\/\/andreatomicich.com\/index.php\/nirda_gallery\/","og_locale":"en_US","og_type":"article","og_title":"Nirda_Gallery - Andrea Tomicich photography","og_description":"Gallerie del vicino Infrarosso","og_url":"https:\/\/andreatomicich.com\/index.php\/nirda_gallery\/","og_site_name":"Andrea Tomicich photography","article_modified_time":"2023-03-02T16:21:45+00:00","og_image":[{"width":1000,"height":667,"url":"https:\/\/andreatomicich.com\/wp-content\/uploads\/2022\/10\/Andrea_Tomicich_02.jpg","type":"image\/jpeg"}],"twitter_card":"summary_large_image","twitter_misc":{"Est. reading time":"1 minute"},"schema":{"@context":"https:\/\/schema.org","@graph":[{"@type":"WebPage","@id":"https:\/\/andreatomicich.com\/index.php\/nirda_gallery\/","url":"https:\/\/andreatomicich.com\/index.php\/nirda_gallery\/","name":"Nirda_Gallery - Andrea Tomicich photography","isPartOf":{"@id":"https:\/\/andreatomicich.com\/#website"},"datePublished":"2022-09-15T13:31:12+00:00","dateModified":"2023-03-02T16:21:45+00:00","breadcrumb":{"@id":"https:\/\/andreatomicich.com\/index.php\/nirda_gallery\/#breadcrumb"},"inLanguage":"en-US","potentialAction":[{"@type":"ReadAction","target":["https:\/\/andreatomicich.com\/index.php\/nirda_gallery\/"]}]},{"@type":"BreadcrumbList","@id":"https:\/\/andreatomicich.com\/index.php\/nirda_gallery\/#breadcrumb","itemListElement":[{"@type":"ListItem","position":1,"name":"Home","item":"https:\/\/andreatomicich.com\/"},{"@type":"ListItem","position":2,"name":"Nirda_Gallery"}]},{"@type":"WebSite","@id":"https:\/\/andreatomicich.com\/#website","url":"https:\/\/andreatomicich.com\/","name":"Andrea Tomicich photography","description":"Dalla realt\u00e0 all&#039;arte: il potere della fotografia infrarossa","publisher":{"@id":"https:\/\/andreatomicich.com\/#\/schema\/person\/498b7e9a035e820bb132541f8079f81b"},"alternateName":"Scatti che trasformano il normale in straordinario: fotografia artistica e infrarossa","potentialAction":[{"@type":"SearchAction","target":{"@type":"EntryPoint","urlTemplate":"https:\/\/andreatomicich.com\/?s={search_term_string}"},"query-input":{"@type":"PropertyValueSpecification","valueRequired":true,"valueName":"search_term_string"}}],"inLanguage":"en-US"},{"@type":["Person","Organization"],"@id":"https:\/\/andreatomicich.com\/#\/schema\/person\/498b7e9a035e820bb132541f8079f81b","name":"AdMiN9998","image":{"@type":"ImageObject","inLanguage":"en-US","@id":"https:\/\/andreatomicich.com\/wp-content\/uploads\/2022\/09\/AT_full_500px_Black.png","url":"https:\/\/andreatomicich.com\/wp-content\/uploads\/2022\/09\/AT_full_500px_Black.png","contentUrl":"https:\/\/andreatomicich.com\/wp-content\/uploads\/2022\/09\/AT_full_500px_Black.png","width":500,"height":127,"caption":"AdMiN9998"},"logo":{"@id":"https:\/\/andreatomicich.com\/wp-content\/uploads\/2022\/09\/AT_full_500px_Black.png"},"sameAs":["https:\/\/andreatomicich.com"]}]}},"builder_content":"","_links":{"self":[{"href":"https:\/\/andreatomicich.com\/index.php\/wp-json\/wp\/v2\/pages\/87","targetHints":{"allow":["GET"]}}],"collection":[{"href":"https:\/\/andreatomicich.com\/index.php\/wp-json\/wp\/v2\/pages"}],"about":[{"href":"https:\/\/andreatomicich.com\/index.php\/wp-json\/wp\/v2\/types\/page"}],"author":[{"embeddable":true,"href":"https:\/\/andreatomicich.com\/index.php\/wp-json\/wp\/v2\/users\/1"}],"replies":[{"embeddable":true,"href":"https:\/\/andreatomicich.com\/index.php\/wp-json\/wp\/v2\/comments?post=87"}],"version-history":[{"count":6,"href":"https:\/\/andreatomicich.com\/index.php\/wp-json\/wp\/v2\/pages\/87\/revisions"}],"predecessor-version":[{"id":832,"href":"https:\/\/andreatomicich.com\/index.php\/wp-json\/wp\/v2\/pages\/87\/revisions\/832"}],"wp:attachment":[{"href":"https:\/\/andreatomicich.com\/index.php\/wp-json\/wp\/v2\/media?parent=87"}],"curies":[{"name":"wp","href":"https:\/\/api.w.org\/{rel}","templated":true}]}}